{"id":1051,"date":"2025-11-06T12:11:59","date_gmt":"2025-11-06T15:11:59","guid":{"rendered":"https:\/\/www.editorasolucao.com.br\/blog\/?page_id=1051"},"modified":"2025-11-06T12:16:27","modified_gmt":"2025-11-06T15:16:27","slug":"concursos-previstos-sp","status":"publish","type":"page","link":"https:\/\/www.editorasolucao.com.br\/blog\/concursos-previstos-sp","title":{"rendered":"Concursos Previstos S\u00e3o Paulo 2026"},"content":{"rendered":"\n<p><strong>Prepare-se para as pr\u00f3ximas oportunidades!<\/strong> Com diversos concursos previstos para os pr\u00f3ximos meses, esta \u00e9 a chance de conquistar a t\u00e3o sonhada estabilidade profissional. Independentemente do seu n\u00edvel de escolaridade, h\u00e1 vagas ideais esperando por voc\u00ea.<\/p>\n\n\n\n<p>Confira a seguir os concursos previstos S\u00e3o Paulo 2026! <\/p>\n","protected":false},"excerpt":{"rendered":"<p>Prepare-se para as pr\u00f3ximas oportunidades! Com diversos concursos previstos para os pr\u00f3ximos meses, esta \u00e9 a chance de conquistar a t\u00e3o sonhada estabilidade profissional. Independentemente do seu n\u00edvel de escolaridade, h\u00e1 vagas ideais esperando por voc\u00ea. Confira a seguir os concursos previstos S\u00e3o Paulo 2026!<\/p>\n","protected":false},"author":26,"featured_media":47194,"parent":0,"menu_order":0,"comment_status":"closed","ping_status":"closed","template":"page-lista-concursos-por-estado.php","meta":{"_acf_changed":false,"rank_math_lock_modified_date":false,"footnotes":""},"acf":[],"_links":{"self":[{"href":"https:\/\/www.editorasolucao.com.br\/blog\/wp-json\/wp\/v2\/pages\/1051"}],"collection":[{"href":"https:\/\/www.editorasolucao.com.br\/blog\/wp-json\/wp\/v2\/pages"}],"about":[{"href":"https:\/\/www.editorasolucao.com.br\/blog\/wp-json\/wp\/v2\/types\/page"}],"author":[{"embeddable":true,"href":"https:\/\/www.editorasolucao.com.br\/blog\/wp-json\/wp\/v2\/users\/26"}],"replies":[{"embeddable":true,"href":"https:\/\/www.editorasolucao.com.br\/blog\/wp-json\/wp\/v2\/comments?post=1051"}],"version-history":[{"count":9,"href":"https:\/\/www.editorasolucao.com.br\/blog\/wp-json\/wp\/v2\/pages\/1051\/revisions"}],"predecessor-version":[{"id":49241,"href":"https:\/\/www.editorasolucao.com.br\/blog\/wp-json\/wp\/v2\/pages\/1051\/revisions\/49241"}],"wp:featuredmedia":[{"embeddable":true,"href":"https:\/\/www.editorasolucao.com.br\/blog\/wp-json\/wp\/v2\/media\/47194"}],"wp:attachment":[{"href":"https:\/\/www.editorasolucao.com.br\/blog\/wp-json\/wp\/v2\/media?parent=1051"}],"curies":[{"name":"wp","href":"https:\/\/api.w.org\/{rel}","templated":true}]}}