{"id":1073,"date":"2025-11-06T12:52:36","date_gmt":"2025-11-06T15:52:36","guid":{"rendered":"https:\/\/www.editorasolucao.com.br\/blog\/?page_id=1073"},"modified":"2025-11-06T12:54:08","modified_gmt":"2025-11-06T15:54:08","slug":"concursos-previstos-rs","status":"publish","type":"page","link":"https:\/\/www.editorasolucao.com.br\/blog\/concursos-previstos-rs","title":{"rendered":"Concursos Previstos Rio Grande do Sul 2026"},"content":{"rendered":"\n<p><strong>Prepare-se para as pr\u00f3ximas oportunidades!<\/strong> Com diversos concursos previstos para os pr\u00f3ximos meses, esta \u00e9 a chance de conquistar a t\u00e3o sonhada estabilidade profissional. Independentemente do seu n\u00edvel de escolaridade, h\u00e1 vagas ideais esperando por voc\u00ea.<\/p>\n\n\n\n<p>Confira a seguir os Concursos Previstos Rio Grande do Sul 2026!<\/p>\n","protected":false},"excerpt":{"rendered":"<p>Prepare-se para as pr\u00f3ximas oportunidades! Com diversos concursos previstos para os pr\u00f3ximos meses, esta \u00e9 a chance de conquistar a t\u00e3o sonhada estabilidade profissional. Independentemente do seu n\u00edvel de escolaridade, h\u00e1 vagas ideais esperando por voc\u00ea. Confira a seguir os Concursos Previstos Rio Grande do Sul 2026!<\/p>\n","protected":false},"author":26,"featured_media":47194,"parent":0,"menu_order":0,"comment_status":"closed","ping_status":"closed","template":"page-lista-concursos-por-estado.php","meta":{"_acf_changed":false,"rank_math_lock_modified_date":false,"footnotes":""},"acf":[],"_links":{"self":[{"href":"https:\/\/www.editorasolucao.com.br\/blog\/wp-json\/wp\/v2\/pages\/1073"}],"collection":[{"href":"https:\/\/www.editorasolucao.com.br\/blog\/wp-json\/wp\/v2\/pages"}],"about":[{"href":"https:\/\/www.editorasolucao.com.br\/blog\/wp-json\/wp\/v2\/types\/page"}],"author":[{"embeddable":true,"href":"https:\/\/www.editorasolucao.com.br\/blog\/wp-json\/wp\/v2\/users\/26"}],"replies":[{"embeddable":true,"href":"https:\/\/www.editorasolucao.com.br\/blog\/wp-json\/wp\/v2\/comments?post=1073"}],"version-history":[{"count":9,"href":"https:\/\/www.editorasolucao.com.br\/blog\/wp-json\/wp\/v2\/pages\/1073\/revisions"}],"predecessor-version":[{"id":49262,"href":"https:\/\/www.editorasolucao.com.br\/blog\/wp-json\/wp\/v2\/pages\/1073\/revisions\/49262"}],"wp:featuredmedia":[{"embeddable":true,"href":"https:\/\/www.editorasolucao.com.br\/blog\/wp-json\/wp\/v2\/media\/47194"}],"wp:attachment":[{"href":"https:\/\/www.editorasolucao.com.br\/blog\/wp-json\/wp\/v2\/media?parent=1073"}],"curies":[{"name":"wp","href":"https:\/\/api.w.org\/{rel}","templated":true}]}}