{"id":11157,"date":"2024-08-13T08:00:00","date_gmt":"2024-08-13T11:00:00","guid":{"rendered":"https:\/\/www.editorasolucao.com.br\/blog\/?page_id=11157"},"modified":"2024-08-13T13:29:12","modified_gmt":"2024-08-13T16:29:12","slug":"concursos-previstos-ms","status":"publish","type":"page","link":"https:\/\/www.editorasolucao.com.br\/blog\/concursos-previstos-ms","title":{"rendered":"Concursos Previstos Mato Grosso do Sul 2024"},"content":{"rendered":"\n<p>Prepare-se para as pr\u00f3ximas oportunidades! Com diversos concursos previstos para os pr\u00f3ximos meses, esta \u00e9 a chance de conquistar a t\u00e3o sonhada estabilidade profissional. Independentemente do seu n\u00edvel de escolaridade, h\u00e1 vagas ideais esperando por voc\u00ea.<\/p>\n\n\n\n<p>Mantenha-se informado e saia na frente na disputa por uma carreira p\u00fablica de sucesso. Fique atento e confira os concursos previstos Mato Grosso do Sul 2024!<\/p>\n","protected":false},"excerpt":{"rendered":"<p>Prepare-se para as pr\u00f3ximas oportunidades! Com diversos concursos previstos para os pr\u00f3ximos meses, esta \u00e9 a chance de conquistar a t\u00e3o sonhada estabilidade profissional. Independentemente do seu n\u00edvel de escolaridade, h\u00e1 vagas ideais esperando por voc\u00ea. Mantenha-se informado e saia na frente na disputa por uma carreira p\u00fablica de sucesso. Fique atento e confira os concursos previstos Mato Grosso do Sul 2024!<\/p>\n","protected":false},"author":3,"featured_media":43929,"parent":0,"menu_order":0,"comment_status":"closed","ping_status":"closed","template":"","meta":{"_acf_changed":false,"rank_math_lock_modified_date":false,"footnotes":""},"acf":[],"_links":{"self":[{"href":"https:\/\/www.editorasolucao.com.br\/blog\/wp-json\/wp\/v2\/pages\/11157"}],"collection":[{"href":"https:\/\/www.editorasolucao.com.br\/blog\/wp-json\/wp\/v2\/pages"}],"about":[{"href":"https:\/\/www.editorasolucao.com.br\/blog\/wp-json\/wp\/v2\/types\/page"}],"author":[{"embeddable":true,"href":"https:\/\/www.editorasolucao.com.br\/blog\/wp-json\/wp\/v2\/users\/3"}],"replies":[{"embeddable":true,"href":"https:\/\/www.editorasolucao.com.br\/blog\/wp-json\/wp\/v2\/comments?post=11157"}],"version-history":[{"count":7,"href":"https:\/\/www.editorasolucao.com.br\/blog\/wp-json\/wp\/v2\/pages\/11157\/revisions"}],"predecessor-version":[{"id":43930,"href":"https:\/\/www.editorasolucao.com.br\/blog\/wp-json\/wp\/v2\/pages\/11157\/revisions\/43930"}],"wp:featuredmedia":[{"embeddable":true,"href":"https:\/\/www.editorasolucao.com.br\/blog\/wp-json\/wp\/v2\/media\/43929"}],"wp:attachment":[{"href":"https:\/\/www.editorasolucao.com.br\/blog\/wp-json\/wp\/v2\/media?parent=11157"}],"curies":[{"name":"wp","href":"https:\/\/api.w.org\/{rel}","templated":true}]}}