{"id":1122,"date":"2025-11-06T12:57:54","date_gmt":"2025-11-06T15:57:54","guid":{"rendered":"https:\/\/www.editorasolucao.com.br\/blog\/?page_id=1122"},"modified":"2025-11-06T12:58:59","modified_gmt":"2025-11-06T15:58:59","slug":"concursos-previstos-pa","status":"publish","type":"page","link":"https:\/\/www.editorasolucao.com.br\/blog\/concursos-previstos-pa","title":{"rendered":"Concursos Previstos Par\u00e1 2026"},"content":{"rendered":"\n<p><span style=\"font-size: inherit; color: initial;\"><strong>Grandes oportunidades \u00e0 vista! <\/strong>Com diversos concursos previstos para os pr\u00f3ximos meses, esta \u00e9 a chance de conquistar a t\u00e3o sonhada estabilidade profissional. Independentemente do seu n\u00edvel de escolaridade, h\u00e1 vagas ideais esperando por voc\u00ea.<\/span>   <\/p>\n\n\n\n<p>Antecipar sua prepara\u00e7\u00e3o \u00e9 essencial para sair na frente da concorr\u00eancia. Confira a seguir os Concursos Previstos Par\u00e1 2026! <\/p>\n","protected":false},"excerpt":{"rendered":"<p>Grandes oportunidades \u00e0 vista! Com diversos concursos previstos para os pr\u00f3ximos meses, esta \u00e9 a chance de conquistar a t\u00e3o sonhada estabilidade profissional. Independentemente do seu n\u00edvel de escolaridade, h\u00e1 vagas ideais esperando por voc\u00ea. Antecipar sua prepara\u00e7\u00e3o \u00e9 essencial para sair na frente da concorr\u00eancia. Confira a seguir os Concursos Previstos Par\u00e1 2026!<\/p>\n","protected":false},"author":26,"featured_media":47194,"parent":0,"menu_order":0,"comment_status":"closed","ping_status":"closed","template":"page-lista-concursos-por-estado.php","meta":{"_acf_changed":false,"rank_math_lock_modified_date":false,"footnotes":""},"acf":[],"_links":{"self":[{"href":"https:\/\/www.editorasolucao.com.br\/blog\/wp-json\/wp\/v2\/pages\/1122"}],"collection":[{"href":"https:\/\/www.editorasolucao.com.br\/blog\/wp-json\/wp\/v2\/pages"}],"about":[{"href":"https:\/\/www.editorasolucao.com.br\/blog\/wp-json\/wp\/v2\/types\/page"}],"author":[{"embeddable":true,"href":"https:\/\/www.editorasolucao.com.br\/blog\/wp-json\/wp\/v2\/users\/26"}],"replies":[{"embeddable":true,"href":"https:\/\/www.editorasolucao.com.br\/blog\/wp-json\/wp\/v2\/comments?post=1122"}],"version-history":[{"count":9,"href":"https:\/\/www.editorasolucao.com.br\/blog\/wp-json\/wp\/v2\/pages\/1122\/revisions"}],"predecessor-version":[{"id":49271,"href":"https:\/\/www.editorasolucao.com.br\/blog\/wp-json\/wp\/v2\/pages\/1122\/revisions\/49271"}],"wp:featuredmedia":[{"embeddable":true,"href":"https:\/\/www.editorasolucao.com.br\/blog\/wp-json\/wp\/v2\/media\/47194"}],"wp:attachment":[{"href":"https:\/\/www.editorasolucao.com.br\/blog\/wp-json\/wp\/v2\/media?parent=1122"}],"curies":[{"name":"wp","href":"https:\/\/api.w.org\/{rel}","templated":true}]}}