{"id":1128,"date":"2025-11-06T12:22:27","date_gmt":"2025-11-06T15:22:27","guid":{"rendered":"https:\/\/www.editorasolucao.com.br\/blog\/?page_id=1128"},"modified":"2025-11-06T12:24:02","modified_gmt":"2025-11-06T15:24:02","slug":"concursos-previstos-pi","status":"publish","type":"page","link":"https:\/\/www.editorasolucao.com.br\/blog\/concursos-previstos-pi","title":{"rendered":"Concursos Previstos Piau\u00ed 2026"},"content":{"rendered":"\n<p>Se voc\u00ea sonha com estabilidade, bons sal\u00e1rios e uma carreira s\u00f3lida no servi\u00e7o p\u00fablico, este \u00e9 o momento de se preparar. O estado do Piau\u00ed tem diversos concursos previstos para os pr\u00f3ximos meses, com vagas para todos os n\u00edveis de escolaridade \u2014 fundamental, m\u00e9dio, t\u00e9cnico e superior.<\/p>\n\n\n\n<p>Antecipar os estudos \u00e9 essencial para sair na frente da concorr\u00eancia e aumentar suas chances de aprova\u00e7\u00e3o.<\/p>\n\n\n\n<p>Confira a seguir os Concursos Previstos Piau\u00ed 2026 e comece hoje mesmo a sua prepara\u00e7\u00e3o!<\/p>\n","protected":false},"excerpt":{"rendered":"<p>Se voc\u00ea sonha com estabilidade, bons sal\u00e1rios e uma carreira s\u00f3lida no servi\u00e7o p\u00fablico, este \u00e9 o momento de se preparar. O estado do Piau\u00ed tem diversos concursos previstos para os pr\u00f3ximos meses, com vagas para todos os n\u00edveis de escolaridade \u2014 fundamental, m\u00e9dio, t\u00e9cnico e superior. Antecipar os estudos \u00e9 essencial para sair na frente da concorr\u00eancia e aumentar suas chances de aprova\u00e7\u00e3o. Confira a seguir os Concursos Previstos Piau\u00ed 2026 e comece hoje mesmo a sua prepara\u00e7\u00e3o!<\/p>\n","protected":false},"author":26,"featured_media":47194,"parent":0,"menu_order":0,"comment_status":"closed","ping_status":"closed","template":"page-lista-concursos-por-estado.php","meta":{"_acf_changed":false,"rank_math_lock_modified_date":false,"footnotes":""},"acf":[],"_links":{"self":[{"href":"https:\/\/www.editorasolucao.com.br\/blog\/wp-json\/wp\/v2\/pages\/1128"}],"collection":[{"href":"https:\/\/www.editorasolucao.com.br\/blog\/wp-json\/wp\/v2\/pages"}],"about":[{"href":"https:\/\/www.editorasolucao.com.br\/blog\/wp-json\/wp\/v2\/types\/page"}],"author":[{"embeddable":true,"href":"https:\/\/www.editorasolucao.com.br\/blog\/wp-json\/wp\/v2\/users\/26"}],"replies":[{"embeddable":true,"href":"https:\/\/www.editorasolucao.com.br\/blog\/wp-json\/wp\/v2\/comments?post=1128"}],"version-history":[{"count":9,"href":"https:\/\/www.editorasolucao.com.br\/blog\/wp-json\/wp\/v2\/pages\/1128\/revisions"}],"predecessor-version":[{"id":49255,"href":"https:\/\/www.editorasolucao.com.br\/blog\/wp-json\/wp\/v2\/pages\/1128\/revisions\/49255"}],"wp:featuredmedia":[{"embeddable":true,"href":"https:\/\/www.editorasolucao.com.br\/blog\/wp-json\/wp\/v2\/media\/47194"}],"wp:attachment":[{"href":"https:\/\/www.editorasolucao.com.br\/blog\/wp-json\/wp\/v2\/media?parent=1128"}],"curies":[{"name":"wp","href":"https:\/\/api.w.org\/{rel}","templated":true}]}}