{"id":1143,"date":"2025-11-06T12:53:20","date_gmt":"2025-11-06T15:53:20","guid":{"rendered":"https:\/\/www.editorasolucao.com.br\/blog\/?page_id=1143"},"modified":"2025-11-06T12:54:11","modified_gmt":"2025-11-06T15:54:11","slug":"concursos-previstos-to","status":"publish","type":"page","link":"https:\/\/www.editorasolucao.com.br\/blog\/concursos-previstos-to","title":{"rendered":"Concursos Previstos Tocantins 2026"},"content":{"rendered":"\n<p><strong>Novas chances est\u00e3o chegando! <\/strong>Se voc\u00ea busca estabilidade, bons sal\u00e1rios e crescimento profissional, esta \u00e9 a hora de se preparar. O estado tem diversos concursos p\u00fablicos previstos para os pr\u00f3ximos meses, com oportunidades para todos os n\u00edveis de escolaridade!<\/p>\n\n\n\n<p>Come\u00e7ar os estudos com anteced\u00eancia \u00e9 o diferencial para quem deseja se destacar na disputa por uma vaga no servi\u00e7o p\u00fablico.<\/p>\n\n\n\n<p>Confira a seguir os Concursos Previstos Tocantins 2026 e d\u00ea o primeiro passo rumo \u00e0 aprova\u00e7\u00e3o!<\/p>\n","protected":false},"excerpt":{"rendered":"<p>Novas chances est\u00e3o chegando! Se voc\u00ea busca estabilidade, bons sal\u00e1rios e crescimento profissional, esta \u00e9 a hora de se preparar. O estado tem diversos concursos p\u00fablicos previstos para os pr\u00f3ximos meses, com oportunidades para todos os n\u00edveis de escolaridade! Come\u00e7ar os estudos com anteced\u00eancia \u00e9 o diferencial para quem deseja se destacar na disputa por uma vaga no servi\u00e7o p\u00fablico. Confira a seguir os Concursos Previstos Tocantins 2026 e d\u00ea o primeiro passo rumo \u00e0 aprova\u00e7\u00e3o!<\/p>\n","protected":false},"author":26,"featured_media":47194,"parent":0,"menu_order":0,"comment_status":"closed","ping_status":"closed","template":"page-lista-concursos-por-estado.php","meta":{"_acf_changed":false,"rank_math_lock_modified_date":false,"footnotes":""},"acf":[],"_links":{"self":[{"href":"https:\/\/www.editorasolucao.com.br\/blog\/wp-json\/wp\/v2\/pages\/1143"}],"collection":[{"href":"https:\/\/www.editorasolucao.com.br\/blog\/wp-json\/wp\/v2\/pages"}],"about":[{"href":"https:\/\/www.editorasolucao.com.br\/blog\/wp-json\/wp\/v2\/types\/page"}],"author":[{"embeddable":true,"href":"https:\/\/www.editorasolucao.com.br\/blog\/wp-json\/wp\/v2\/users\/26"}],"replies":[{"embeddable":true,"href":"https:\/\/www.editorasolucao.com.br\/blog\/wp-json\/wp\/v2\/comments?post=1143"}],"version-history":[{"count":7,"href":"https:\/\/www.editorasolucao.com.br\/blog\/wp-json\/wp\/v2\/pages\/1143\/revisions"}],"predecessor-version":[{"id":49264,"href":"https:\/\/www.editorasolucao.com.br\/blog\/wp-json\/wp\/v2\/pages\/1143\/revisions\/49264"}],"wp:featuredmedia":[{"embeddable":true,"href":"https:\/\/www.editorasolucao.com.br\/blog\/wp-json\/wp\/v2\/media\/47194"}],"wp:attachment":[{"href":"https:\/\/www.editorasolucao.com.br\/blog\/wp-json\/wp\/v2\/media?parent=1143"}],"curies":[{"name":"wp","href":"https:\/\/api.w.org\/{rel}","templated":true}]}}