{"id":1148,"date":"2025-11-06T12:23:00","date_gmt":"2025-11-06T15:23:00","guid":{"rendered":"https:\/\/www.editorasolucao.com.br\/blog\/?page_id=1148"},"modified":"2025-11-06T12:24:06","modified_gmt":"2025-11-06T15:24:06","slug":"concursos-previstos-pb","status":"publish","type":"page","link":"https:\/\/www.editorasolucao.com.br\/blog\/concursos-previstos-pb","title":{"rendered":"Concursos Previstos Para\u00edba 2026"},"content":{"rendered":"\n<p><strong>Novas oportunidades \u00e0 vista!<\/strong> Se voc\u00ea est\u00e1 em busca de estabilidade e crescimento profissional, este \u00e9 o momento ideal para iniciar sua prepara\u00e7\u00e3o. O estado tem diversos concursos p\u00fablicos previstos para os pr\u00f3ximos meses, com vagas para todos os n\u00edveis de escolaridade (fundamental, m\u00e9dio, t\u00e9cnico e superior).<\/p>\n\n\n\n<p>N\u00e3o espere o edital ser publicado para come\u00e7ar a estudar. Antecipe-se e aumente suas chances de aprova\u00e7\u00e3o!<\/p>\n\n\n\n<p>Confira a seguir os Concursos Previstos Para\u00edba 2026 e d\u00ea o primeiro passo rumo \u00e0 carreira p\u00fablica!<\/p>\n","protected":false},"excerpt":{"rendered":"<p>Novas oportunidades \u00e0 vista! Se voc\u00ea est\u00e1 em busca de estabilidade e crescimento profissional, este \u00e9 o momento ideal para iniciar sua prepara\u00e7\u00e3o. O estado tem diversos concursos p\u00fablicos previstos para os pr\u00f3ximos meses, com vagas para todos os n\u00edveis de escolaridade (fundamental, m\u00e9dio, t\u00e9cnico e superior). N\u00e3o espere o edital ser publicado para come\u00e7ar a estudar. Antecipe-se e aumente suas chances de aprova\u00e7\u00e3o! Confira a seguir os Concursos Previstos Para\u00edba 2026 e d\u00ea o primeiro passo rumo \u00e0 carreira p\u00fablica!<\/p>\n","protected":false},"author":26,"featured_media":47194,"parent":0,"menu_order":0,"comment_status":"closed","ping_status":"closed","template":"page-lista-concursos-por-estado.php","meta":{"_acf_changed":false,"rank_math_lock_modified_date":false,"footnotes":""},"acf":[],"_links":{"self":[{"href":"https:\/\/www.editorasolucao.com.br\/blog\/wp-json\/wp\/v2\/pages\/1148"}],"collection":[{"href":"https:\/\/www.editorasolucao.com.br\/blog\/wp-json\/wp\/v2\/pages"}],"about":[{"href":"https:\/\/www.editorasolucao.com.br\/blog\/wp-json\/wp\/v2\/types\/page"}],"author":[{"embeddable":true,"href":"https:\/\/www.editorasolucao.com.br\/blog\/wp-json\/wp\/v2\/users\/26"}],"replies":[{"embeddable":true,"href":"https:\/\/www.editorasolucao.com.br\/blog\/wp-json\/wp\/v2\/comments?post=1148"}],"version-history":[{"count":8,"href":"https:\/\/www.editorasolucao.com.br\/blog\/wp-json\/wp\/v2\/pages\/1148\/revisions"}],"predecessor-version":[{"id":49256,"href":"https:\/\/www.editorasolucao.com.br\/blog\/wp-json\/wp\/v2\/pages\/1148\/revisions\/49256"}],"wp:featuredmedia":[{"embeddable":true,"href":"https:\/\/www.editorasolucao.com.br\/blog\/wp-json\/wp\/v2\/media\/47194"}],"wp:attachment":[{"href":"https:\/\/www.editorasolucao.com.br\/blog\/wp-json\/wp\/v2\/media?parent=1148"}],"curies":[{"name":"wp","href":"https:\/\/api.w.org\/{rel}","templated":true}]}}