{"id":19519,"date":"2021-04-26T18:00:53","date_gmt":"2021-04-26T21:00:53","guid":{"rendered":"https:\/\/www.editorasolucao.com.br\/blog\/?page_id=19519"},"modified":"2021-04-30T09:50:14","modified_gmt":"2021-04-30T12:50:14","slug":"oportunidade-unica-em-natal-rn","status":"publish","type":"page","link":"https:\/\/www.editorasolucao.com.br\/blog\/oportunidade-unica-em-natal-rn","title":{"rendered":"Oportunidade \u00fanica em Natal-RN"},"content":{"rendered":"<p>Descubra agora como conseguir um <mark style=\"background-color: #2bd991;\"> EMPREGO EST\u00c1VEL<br \/>\n<\/mark> e com um excelente <mark style=\"background-color: #2bd991;\">SAL\u00c1RIO!<\/mark>\t\t<\/p>\n<h4>Qualquer pessoa pode conquistar essa oportunidade. <b>Assista o v\u00eddeo e descubra!<\/b><\/h4>\n<p>\t\t<iframe loading=\"lazy\" title=\"Oportunidade para voc\u00ea em Natal-RN!\" width=\"1170\" height=\"658\" src=\"https:\/\/www.youtube.com\/embed\/DgxMBhBtkTs?feature=oembed\" frameborder=\"0\" allow=\"accelerometer; autoplay; clipboard-write; encrypted-media; gyroscope; picture-in-picture\" allowfullscreen><\/iframe><br \/>\n\t\t\t<a href=\"#botao-quero\" role=\"button\" id=\"botao\"><br \/>\n\t\t\t\t\t\tEU QUERO!<br \/>\n\t\t\t\t\t<\/a><\/p>\n<p><em><strong>INFORMA\u00c7\u00d5ES SOBRE O CONCURSO ITEP-RN 2021<\/strong><\/em><\/p>\n<p>\t\t\t\t\t\t\t\t\t\t\t\t<img decoding=\"async\" width=\"128\" height=\"128\" src=\"https:\/\/www.editorasolucao.com.br\/blog\/wp-content\/uploads\/2021\/04\/headhunting-4.png\" alt=\"\" loading=\"lazy\" \/>\t\t\t\t\t\t\t\t\t\t\t\t\t\t<\/p>\n<p><strong>Distribui\u00e7\u00e3o de Vagas:<\/strong><\/p>\n<p>S\u00e3o 276 vagas para n\u00edveis M\u00e9dio e Superior o para os cargos de:<\/p>\n<p>Perito Criminal, Perito M\u00e9dico Legista, Perito Odontologista, Assistente T\u00e9cnico Forense e Agente de Necropsia.<\/p>\n<p>\t\t\t\t\t\t\t\t\t\t\t\t<img decoding=\"async\" width=\"2036\" height=\"1901\" src=\"https:\/\/www.editorasolucao.com.br\/blog\/wp-content\/uploads\/2021\/04\/delivery-3.png\" alt=\"\" loading=\"lazy\" srcset=\"https:\/\/www.editorasolucao.com.br\/blog\/wp-content\/uploads\/2021\/04\/delivery-3.png 2036w, https:\/\/www.editorasolucao.com.br\/blog\/wp-content\/uploads\/2021\/04\/delivery-3-768x717.png 768w, https:\/\/www.editorasolucao.com.br\/blog\/wp-content\/uploads\/2021\/04\/delivery-3-1536x1434.png 1536w\" sizes=\"(max-width: 2036px) 100vw, 2036px\" \/>\t\t\t\t\t\t\t\t\t\t\t\t\t\t<\/p>\n<p><strong>Sal\u00e1rios:<\/strong><\/p>\n<p>O sal\u00e1rio base\u00a0 para os\u00a0cargos podem chegar at\u00e9 <strong>R$ 3,1 mil<\/strong> mais benef\u00edcios.<\/p>\n<p>\t\t\t\t\t\t\t\t\t\t\t\t<img decoding=\"async\" width=\"128\" height=\"128\" src=\"https:\/\/www.editorasolucao.com.br\/blog\/wp-content\/uploads\/2021\/04\/subscription-4.png\" alt=\"\" loading=\"lazy\" \/>\t\t\t\t\t\t\t\t\t\t\t\t\t\t<\/p>\n<p><strong>Informa\u00e7\u00f5es sobre o Concurso:<\/strong><\/p>\n<p>As inscri\u00e7\u00f5es devem ser realizadas no site da banca organizadora AOCP, at\u00e9 o dia 07 de Junho de 2021.<\/p>\n<p>A prova objetiva est\u00e1 marcada para o dia<strong> 25 de julho de 2021.<\/strong><\/p>\n<p><strong>Prepare-se para ITEP-RN 2021<\/strong><\/p>\n<p>\t\t\t\t\t\t\t\t\t\t\t\t\t<a href=\"https:\/\/www.editorasolucao.com.br\/apostila-solucao\/itep-rn-perito-criminal-area-geral?promo_name=lp-concurso-itep-rn&#038;promo_id=1&#038;promo_creative=lp-concurso-itep-rn&#038;promo_position=apostila\" target=\"_blank\" rel=\"noopener\"><br \/>\n\t\t\t\t\t\t\t<img decoding=\"async\" width=\"557\" height=\"714\" src=\"https:\/\/www.editorasolucao.com.br\/blog\/wp-content\/uploads\/2021\/04\/agt-crim-itep-rn.png\" alt=\"\" loading=\"lazy\" \/>\t\t\t\t\t\t\t\t<\/a><\/p>\n<p>A partir de\u00a0<\/p>\n<p><strong style=\"font-weight: bold; text-align: center; white-space: pre-wrap; background-color: rgba(255, 255, 255, 0.25); font-family: 'Open Sans', sans-serif; font-size: 39px; color: #3c3939;\">R$ 35,00<\/strong><\/p>\n<p>\t\t\t<a href=\"https:\/\/www.editorasolucao.com.br\/apostila-solucao\/itep-rn-perito-criminal-area-geral?promo_name=lp-concurso-itep-rn&#038;promo_id=1&#038;promo_creative=lp-concurso-itep-rn&#038;promo_position=botao\" target=\"_blank\" role=\"button\" rel=\"noopener\"><br \/>\n\t\t\t\t\t\tEU QUERO!<br \/>\n\t\t\t\t\t<\/a><br \/>\n\t\t\t\t\t\t\t\t\t\t\t\t\t<a href=\"http:\/\/www.editorasolucao.com.br\/apostila-solucao\/itep-rn-agente-tecnico-forense?promo_name=lp-concurso-itep-rn&#038;promo_id=1&#038;promo_creative=lp-concurso-itep-rn&#038;promo_position=apostila\" target=\"_blank\" rel=\"noopener\"><br \/>\n\t\t\t\t\t\t\t<img decoding=\"async\" width=\"557\" height=\"714\" src=\"https:\/\/www.editorasolucao.com.br\/blog\/wp-content\/uploads\/2021\/04\/agt-tec-for-itep-rn.png\" alt=\"\" loading=\"lazy\" \/>\t\t\t\t\t\t\t\t<\/a><\/p>\n<p>A partir de\u00a0<\/p>\n<p><strong style=\"font-weight: bold; text-align: center; white-space: pre-wrap; background-color: rgba(255, 255, 255, 0.25); font-family: 'Open Sans', sans-serif; font-size: 39px; color: #3c3939;\">R$ 35,00<\/strong><\/p>\n<p>\t\t\t<a href=\"http:\/\/www.editorasolucao.com.br\/apostila-solucao\/itep-rn-agente-tecnico-forense?promo_name=lp-concurso-itep-rn&#038;promo_id=1&#038;promo_creative=lp-concurso-itep-rn&#038;promo_position=botao\" target=\"_blank\" role=\"button\" rel=\"noopener\"><br \/>\n\t\t\t\t\t\tEU QUERO!<br \/>\n\t\t\t\t\t<\/a><br \/>\n\t\t\t\t\t\t\t\t\t\t\t\t\t<a href=\"http:\/\/www.editorasolucao.com.br\/apostila-solucao\/itep-rn-agente-necropsia?promo_name=lp-concurso-itep-rn&#038;promo_id=1&#038;promo_creative=lp-concurso-itep-rn&#038;promo_position=apostila\" target=\"_blank\" rel=\"noopener\"><br \/>\n\t\t\t\t\t\t\t<img decoding=\"async\" width=\"557\" height=\"714\" src=\"https:\/\/www.editorasolucao.com.br\/blog\/wp-content\/uploads\/2021\/04\/age-nec-itep-rn.png\" alt=\"\" loading=\"lazy\" \/>\t\t\t\t\t\t\t\t<\/a><\/p>\n<p>A partir de\u00a0<\/p>\n<p><strong style=\"font-weight: bold; text-align: center; white-space: pre-wrap; background-color: rgba(255, 255, 255, 0.25); font-family: 'Open Sans', sans-serif; font-size: 39px; color: #3c3939;\">R$ 35,00<\/strong><\/p>\n<p>\t\t\t<a href=\"http:\/\/www.editorasolucao.com.br\/apostila-solucao\/itep-rn-agente-necropsia?promo_name=lp-concurso-itep-rn&#038;promo_id=1&#038;promo_creative=lp-concurso-itep-rn&#038;promo_position=botao\" target=\"_blank\" role=\"button\" rel=\"noopener\"><br \/>\n\t\t\t\t\t\tEU QUERO!<br \/>\n\t\t\t\t\t<\/a><br \/>\n\t\t\t\t\t\t\t\t\t\t\t\t\t<a href=\"http:\/\/www.editorasolucao.com.br\/apostila-solucao\/itep-rn-comum-especialidades-assistente-tecnico-forense?promo_name=lp-concurso-itep-rn&#038;promo_id=1&#038;promo_creative=lp-concurso-itep-rn&#038;promo_position=apostila\" target=\"_blank\" rel=\"noopener\"><br \/>\n\t\t\t\t\t\t\t<img decoding=\"async\" width=\"557\" height=\"714\" src=\"https:\/\/www.editorasolucao.com.br\/blog\/wp-content\/uploads\/2021\/04\/comum-itep-rn.png\" alt=\"\" loading=\"lazy\" \/>\t\t\t\t\t\t\t\t<\/a><\/p>\n<p>A partir de\u00a0<\/p>\n<p><strong style=\"font-weight: bold; text-align: center; white-space: pre-wrap; background-color: rgba(255, 255, 255, 0.25); font-family: 'Open Sans', sans-serif; font-size: 39px; color: #3c3939;\">R$ 20,00<\/strong><\/p>\n<p>\t\t\t<a href=\"http:\/\/www.editorasolucao.com.br\/apostila-solucao\/itep-rn-comum-especialidades-assistente-tecnico-forense?promo_name=lp-concurso-itep-rn&#038;promo_id=1&#038;promo_creative=lp-concurso-itep-rn&#038;promo_position=botao\" target=\"_blank\" role=\"button\" rel=\"noopener\"><br \/>\n\t\t\t\t\t\tEU QUERO!<br \/>\n\t\t\t\t\t<\/a><br \/>\n\t\t\t\t\t\t\t\t\t\t\t\t\t<a href=\"https:\/\/www.editorasolucao.com.br\/apostila-solucao\/itep-rn-comum-especialidades-perito-criminal?promo_name=lp-concurso-itep-rn&#038;promo_id=1&#038;promo_creative=lp-concurso-itep-rn&#038;promo_position=apostila\" target=\"_blank\" rel=\"noopener\"><br \/>\n\t\t\t\t\t\t\t<img decoding=\"async\" width=\"557\" height=\"714\" src=\"https:\/\/www.editorasolucao.com.br\/blog\/wp-content\/uploads\/2021\/04\/comum-2-itep-rn.png\" alt=\"\" loading=\"lazy\" \/>\t\t\t\t\t\t\t\t<\/a><\/p>\n<p>A partir de\u00a0<\/p>\n<p><strong style=\"font-weight: bold; text-align: center; white-space: pre-wrap; background-color: rgba(255, 255, 255, 0.25); font-family: 'Open Sans', sans-serif; font-size: 39px; color: #3c3939;\">R$ 20,00<\/strong><\/p>\n<p>\t\t\t<a href=\"https:\/\/www.editorasolucao.com.br\/apostila-solucao\/itep-rn-comum-especialidades-perito-criminal?promo_name=lp-concurso-itep-rn&#038;promo_id=1&#038;promo_creative=lp-concurso-itep-rn&#038;promo_position=botao\" target=\"_blank\" role=\"button\" rel=\"noopener\"><br \/>\n\t\t\t\t\t\tEU QUERO!<br \/>\n\t\t\t\t\t<\/a><br \/>\n\t\t\t\t\t\t\t\t\t\t\t\t\t<a href=\"http:\/\/www.editorasolucao.com.br\/apostila-solucao\/itep-rn-assistente-tecnico-forense-administracao?promo_name=lp-concurso-itep-rn&#038;promo_id=1&#038;promo_creative=lp-concurso-itep-rn&#038;promo_position=apostila\" target=\"_blank\" rel=\"noopener\"><br \/>\n\t\t\t\t\t\t\t<img decoding=\"async\" width=\"557\" height=\"714\" src=\"https:\/\/www.editorasolucao.com.br\/blog\/wp-content\/uploads\/2021\/04\/ass-tec-for-itep-rn.png\" alt=\"\" loading=\"lazy\" \/>\t\t\t\t\t\t\t\t<\/a><\/p>\n<p>A partir de\u00a0<\/p>\n<p><strong style=\"font-weight: bold; text-align: center; white-space: pre-wrap; background-color: rgba(255, 255, 255, 0.25); font-family: 'Open Sans', sans-serif; font-size: 39px; color: #3c3939;\">R$ 30,00<\/strong><\/p>\n<p>\t\t\t<a href=\"http:\/\/www.editorasolucao.com.br\/apostila-solucao\/itep-rn-assistente-tecnico-forense-administracao?promo_name=lp-concurso-itep-rn&#038;promo_id=1&#038;promo_creative=lp-concurso-itep-rn&#038;promo_position=botao\" target=\"_blank\" role=\"button\" rel=\"noopener\"><br \/>\n\t\t\t\t\t\tEU QUERO!<br \/>\n\t\t\t\t\t<\/a><\/p>\n<p>Principais Vantagens da Apostila<\/p>\n<p>\t\t\t\t\t\t\t\t\t\t\t\t<img decoding=\"async\" width=\"128\" height=\"128\" src=\"https:\/\/www.editorasolucao.com.br\/blog\/wp-content\/uploads\/2021\/04\/forensic-science-1.png\" alt=\"\" loading=\"lazy\" \/>\t\t\t\t\t\t\t\t\t\t\t\t\t\t<\/p>\n<p><strong>Criminal\u00edstica<\/strong><\/p>\n<p style=\"margin-right: 0px; margin-bottom: 0px; margin-left: 0px; padding: 0px; border: 0px; font-variant-numeric: inherit; font-variant-east-asian: inherit; font-stretch: inherit; line-height: inherit; font-family: Arial, 'Helvetica Neue', Helvetica, sans-serif; vertical-align: baseline; color: #333333;\">Aprenda os conceitos b\u00e1sicos da ci\u00eancia por tr\u00e1s desse conte\u00fado, zelando pela integridade das evid\u00eancias e os argumentos decis\u00f3rios que s\u00e3o enunciados.<\/p>\n<p>\t\t\t\t\t\t\t\t\t\t\t\t<img decoding=\"async\" width=\"128\" height=\"128\" src=\"https:\/\/www.editorasolucao.com.br\/blog\/wp-content\/uploads\/2021\/04\/medicine-1.png\" alt=\"\" loading=\"lazy\" \/>\t\t\t\t\t\t\t\t\t\t\t\t\t\t<\/p>\n<p><strong>No\u00e7\u00f5es de Medicina Legal<\/strong><\/p>\n<p style=\"margin-right: 0px; margin-bottom: 0px; margin-left: 0px; padding: 0px; border: 0px; font-variant-numeric: inherit; font-variant-east-asian: inherit; font-stretch: inherit; line-height: inherit; font-family: Arial, 'Helvetica Neue', Helvetica, sans-serif; vertical-align: baseline; color: #333333;\">Aprenda a pensar de maneira l\u00f3gica a resolu\u00e7\u00e3o inicial de crimes, identificando e correlacionando as causas com os fatos dos crimes e os conhecimentos t\u00e9cnico-cient\u00edficos da medicina judicial.<\/p>\n<p>\t\t\t\t\t\t\t\t\t\t\t\t<img decoding=\"async\" width=\"256\" height=\"256\" src=\"https:\/\/www.editorasolucao.com.br\/blog\/wp-content\/uploads\/2021\/04\/search-of-knowledge-2.png\" alt=\"\" loading=\"lazy\" \/>\t\t\t\t\t\t\t\t\t\t\t\t\t\t<\/p>\n<p><strong>Curso de\u00a0 L\u00edngua Portuguesa<\/strong><\/p>\n<p style=\"margin-right: 0px; margin-bottom: 0px; margin-left: 0px; padding: 0px; border: 0px; font-variant-numeric: inherit; font-variant-east-asian: inherit; font-stretch: inherit; line-height: inherit; font-family: Arial, 'Helvetica Neue', Helvetica, sans-serif; vertical-align: baseline; color: #333333;\">Prepare-se gratuitamente com conte\u00fados de Ortografia, Fonologia, Acentua\u00e7\u00e3o Gr\u00e1fica, Concord\u00e2ncia, Reg\u00eancia, Crase e Pontua\u00e7\u00e3o.<\/p>\n<p>\t\t\t\t\t\t\t\t\t\t\t\t<img decoding=\"async\" width=\"128\" height=\"128\" src=\"https:\/\/www.editorasolucao.com.br\/blog\/wp-content\/uploads\/2021\/04\/pc-1.png\" alt=\"\" loading=\"lazy\" \/>\t\t\t\t\t\t\t\t\t\t\t\t\t\t<\/p>\n<p><strong>Curso de Inform\u00e1tica<\/strong><\/p>\n<p style=\"margin-right: 0px; margin-bottom: 0px; margin-left: 0px; padding: 0px; border: 0px; font-variant-numeric: inherit; font-variant-east-asian: inherit; font-stretch: inherit; line-height: inherit; font-family: Arial, 'Helvetica Neue', Helvetica, sans-serif; vertical-align: baseline; color: #333333;\">Prepare-se gratuitamente com conte\u00fados de Computa\u00e7\u00e3o na Nuvem, Armazenamento na Nuvem, Intranet, Internet, Conceitos, Protocolos e Seguran\u00e7a da Informa\u00e7\u00e3o.<\/p>\n<p>Alguma d\u00favida?<\/p>\n<p>Entre em contato com a nossa equipe, estaremos prontos para te ajudar:<\/p>\n<p>\t\t\t\t\t<a href=\"https:\/\/www.editorasolucao.com.br\/central-atendimento\" target=\"_blank\" rel=\"noopener\"><br \/>\n\t\t\t\t\t\tComment-dots<br \/>\n\t\t\t\t\t\t\t\t\t\t\t<\/a><br \/>\n\t\t\t\t\t<a href=\"https:\/\/www.instagram.com\/editorasolucao\" target=\"_blank\" rel=\"noopener\"><br \/>\n\t\t\t\t\t\tInstagram<br \/>\n\t\t\t\t\t\t\t\t\t\t\t<\/a><br \/>\n\t\t\t\t\t<a href=\"https:\/\/www.facebook.com\/EditoraSolucao?promo_name=lp-concurso-bh&#038;promo_id=1&#038;promo_creative=lp&#038;promo_position=botao-\" target=\"_blank\" rel=\"noopener\"><br \/>\n\t\t\t\t\t\tFacebook<br \/>\n\t\t\t\t\t\t\t\t\t\t\t<\/a><\/p>\n<p>2021 &#8211; Todos os direitos reservados.<\/p>\n","protected":false},"excerpt":{"rendered":"<p>Descubra agora como conseguir um EMPREGO EST\u00c1VEL e com um excelente SAL\u00c1RIO! Qualquer pessoa pode conquistar essa oportunidade. Assista o v\u00eddeo e descubra! EU QUERO! INFORMA\u00c7\u00d5ES SOBRE O CONCURSO ITEP-RN 2021 Distribui\u00e7\u00e3o de Vagas: S\u00e3o 276 vagas para n\u00edveis M\u00e9dio e Superior o para os cargos de: Perito Criminal, Perito M\u00e9dico Legista, Perito Odontologista, Assistente T\u00e9cnico Forense e Agente de Necropsia. Sal\u00e1rios: O sal\u00e1rio base\u00a0 para os\u00a0cargos podem chegar at\u00e9 R$ 3,1 mil mais benef\u00edcios. Informa\u00e7\u00f5es sobre o Concurso: As inscri\u00e7\u00f5es devem ser realizadas no site da banca organizadora AOCP, at\u00e9 o dia 07 de Junho de 2021. A prova&#8230;<\/p>\n","protected":false},"author":22,"featured_media":0,"parent":0,"menu_order":0,"comment_status":"closed","ping_status":"closed","template":"elementor_canvas","meta":{"_acf_changed":false,"rank_math_lock_modified_date":false,"footnotes":""},"acf":[],"_links":{"self":[{"href":"https:\/\/www.editorasolucao.com.br\/blog\/wp-json\/wp\/v2\/pages\/19519"}],"collection":[{"href":"https:\/\/www.editorasolucao.com.br\/blog\/wp-json\/wp\/v2\/pages"}],"about":[{"href":"https:\/\/www.editorasolucao.com.br\/blog\/wp-json\/wp\/v2\/types\/page"}],"author":[{"embeddable":true,"href":"https:\/\/www.editorasolucao.com.br\/blog\/wp-json\/wp\/v2\/users\/22"}],"replies":[{"embeddable":true,"href":"https:\/\/www.editorasolucao.com.br\/blog\/wp-json\/wp\/v2\/comments?post=19519"}],"version-history":[{"count":50,"href":"https:\/\/www.editorasolucao.com.br\/blog\/wp-json\/wp\/v2\/pages\/19519\/revisions"}],"predecessor-version":[{"id":19778,"href":"https:\/\/www.editorasolucao.com.br\/blog\/wp-json\/wp\/v2\/pages\/19519\/revisions\/19778"}],"wp:attachment":[{"href":"https:\/\/www.editorasolucao.com.br\/blog\/wp-json\/wp\/v2\/media?parent=19519"}],"curies":[{"name":"wp","href":"https:\/\/api.w.org\/{rel}","templated":true}]}}