{"id":777,"date":"2026-01-16T12:51:32","date_gmt":"2026-01-16T15:51:32","guid":{"rendered":"https:\/\/www.editorasolucao.com.br\/blogteste\/?page_id=777"},"modified":"2026-01-16T12:51:33","modified_gmt":"2026-01-16T15:51:33","slug":"concursos-abertos","status":"publish","type":"page","link":"https:\/\/www.editorasolucao.com.br\/blog\/concursos-abertos","title":{"rendered":"Concursos Abertos 2026"},"content":{"rendered":"\n<p>Excelente not\u00edcia, concurseiros! O Projeto de Lei Or\u00e7ament\u00e1ria Anual (PLOA 2026) j\u00e1 foi enviado aprovado pelo Congresso Nacional e promete movimentar o cen\u00e1rio dos Concursos Abertos 2026, com <strong>previs\u00e3o de 163.802 vagas<\/strong> em \u00f3rg\u00e3os federais. <\/p>\n\n\n\n<p>O ano mal come\u00e7ou, mas j\u00e1 existem diversas sele\u00e7\u00f5es previstas para 2026. Ser\u00e3o ofertadas oportunidades para diversos \u00f3rg\u00e3os de poder, como o <strong>Executivo, Judici\u00e1rio e Legislativo, <\/strong>al\u00e9m da<strong> Defensoria P\u00fablica e o Minist\u00e9rio P\u00fablico da Uni\u00e3o.<\/strong><\/p>\n\n\n\n<p>Ser\u00e3o vagas para todos os n\u00edveis de escolaridade distribu\u00eddos por todo o territ\u00f3rio nacional. Confira aqui todos os detalhes sobre os concursos Abertos e Previstos para 2026!<\/p>\n\n\n\n<div id=\"ez-toc-container\" class=\"ez-toc-v2_0_69_1 counter-hierarchy ez-toc-counter ez-toc-grey ez-toc-container-direction\">\n<div class=\"ez-toc-title-container\">\n<p class=\"ez-toc-title \" >Menu de navega&ccedil;&atilde;o<\/p>\n<span class=\"ez-toc-title-toggle\"><a href=\"#\" class=\"ez-toc-pull-right ez-toc-btn ez-toc-btn-xs ez-toc-btn-default ez-toc-toggle\" aria-label=\"Toggle Table of Content\"><span class=\"ez-toc-js-icon-con\"><span class=\"\"><span class=\"eztoc-hide\" style=\"display:none;\">Toggle<\/span><span class=\"ez-toc-icon-toggle-span\"><svg style=\"fill: #999;color:#999\" xmlns=\"http:\/\/www.w3.org\/2000\/svg\" class=\"list-377408\" width=\"20px\" height=\"20px\" viewBox=\"0 0 24 24\" fill=\"none\"><path d=\"M6 6H4v2h2V6zm14 0H8v2h12V6zM4 11h2v2H4v-2zm16 0H8v2h12v-2zM4 16h2v2H4v-2zm16 0H8v2h12v-2z\" fill=\"currentColor\"><\/path><\/svg><svg style=\"fill: #999;color:#999\" class=\"arrow-unsorted-368013\" xmlns=\"http:\/\/www.w3.org\/2000\/svg\" width=\"10px\" height=\"10px\" viewBox=\"0 0 24 24\" version=\"1.2\" baseProfile=\"tiny\"><path d=\"M18.2 9.3l-6.2-6.3-6.2 6.3c-.2.2-.3.4-.3.7s.1.5.3.7c.2.2.4.3.7.3h11c.3 0 .5-.1.7-.3.2-.2.3-.5.3-.7s-.1-.5-.3-.7zM5.8 14.7l6.2 6.3 6.2-6.3c.2-.2.3-.5.3-.7s-.1-.5-.3-.7c-.2-.2-.4-.3-.7-.3h-11c-.3 0-.5.1-.7.3-.2.2-.3.5-.3.7s.1.5.3.7z\"\/><\/svg><\/span><\/span><\/span><\/a><\/span><\/div>\n<nav><ul class='ez-toc-list ez-toc-list-level-1 ' ><li class='ez-toc-page-1 ez-toc-heading-level-2'><a class=\"ez-toc-link ez-toc-heading-1\" href=\"https:\/\/www.editorasolucao.com.br\/blog\/concursos-abertos\/#Concursos_Abertos_2026_PLOA_traz_previsao_de_163_mil_vagas\" title=\"Concursos Abertos 2026: PLOA traz previs\u00e3o de 163 mil vagas\">Concursos Abertos 2026: PLOA traz previs\u00e3o de 163 mil vagas<\/a><\/li><li class='ez-toc-page-1 ez-toc-heading-level-2'><a class=\"ez-toc-link ez-toc-heading-2\" href=\"https:\/\/www.editorasolucao.com.br\/blog\/concursos-abertos\/#Distribuicao_das_vagas_previstas_no_PLOA_2026\" title=\"Distribui\u00e7\u00e3o das vagas previstas no PLOA 2026\">Distribui\u00e7\u00e3o das vagas previstas no PLOA 2026<\/a><\/li><li class='ez-toc-page-1 ez-toc-heading-level-2'><a class=\"ez-toc-link ez-toc-heading-3\" href=\"https:\/\/www.editorasolucao.com.br\/blog\/concursos-abertos\/#Tramitacao_do_PLOA_2026\" title=\"Tramita\u00e7\u00e3o do PLOA 2026\">Tramita\u00e7\u00e3o do PLOA 2026<\/a><\/li><li class='ez-toc-page-1 ez-toc-heading-level-2'><a class=\"ez-toc-link ez-toc-heading-4\" href=\"https:\/\/www.editorasolucao.com.br\/blog\/concursos-abertos\/#Concursos_abertos_e_previstos_para_2026\" title=\"Concursos abertos e previstos para 2026\">Concursos abertos e previstos para 2026<\/a><\/li><li class='ez-toc-page-1 ez-toc-heading-level-2'><a class=\"ez-toc-link ez-toc-heading-5\" href=\"https:\/\/www.editorasolucao.com.br\/blog\/concursos-abertos\/#Conquiste_a_sua_vaga\" title=\"Conquiste a sua vaga!\">Conquiste a sua vaga!<\/a><\/li><\/ul><\/nav><\/div>\n<h2 class=\"wp-block-heading\"><span class=\"ez-toc-section\" id=\"Concursos_Abertos_2026_PLOA_traz_previsao_de_163_mil_vagas\"><\/span>Concursos Abertos 2026: PLOA traz previs\u00e3o de 163 mil vagas<span class=\"ez-toc-section-end\"><\/span><\/h2>\n\n\n\n<p>O PLOA 2026 estabelece as receitas e despesas da Uni\u00e3o para o pr\u00f3ximo ano, incluindo a previs\u00e3o de provimento de cargos j\u00e1 existentes e a cria\u00e7\u00e3o de novos postos no servi\u00e7o p\u00fablico.<\/p>\n\n\n\n<p>O texto foi aprovado com uma amplia\u00e7\u00e3o expressiva no n\u00famero de oportunidades. Inicialmente, a proposta estimava <strong>89.058 vagas<\/strong>, mas o total passou para <strong>163.802 vagas<\/strong>, distribu\u00eddas entre os tr\u00eas poderes e \u00f3rg\u00e3os aut\u00f4nomos.<\/p>\n\n\n\n<p>O destaque vai para o Poder Executivo, que concentra a maior parte das oportunidades, incluindo a segunda edi\u00e7\u00e3o do Concurso Nacional Unificado (CNU), cargos para professores e t\u00e9cnicos da Educa\u00e7\u00e3o, al\u00e9m de vagas nas for\u00e7as de seguran\u00e7a do Distrito Federal.<\/p>\n\n\n\n<p>Comparando os \u00faltimos anos, \u00e9 poss\u00edvel observar o crescimento da previs\u00e3o or\u00e7ament\u00e1ria:<\/p>\n\n\n\n<ul>\n<li><strong>PLOA 2026:<\/strong> 163.802 vagas<\/li>\n\n\n\n<li><strong>PLOA 2025:<\/strong> 63.766 vagas<\/li>\n\n\n\n<li><strong>PLOA 2024:<\/strong> 50.570 vagas<\/li>\n\n\n\n<li><strong>PLOA 2023:<\/strong> 55.219 vagas<\/li>\n\n\n\n<li><strong>PLOA 2022:<\/strong> 73.640 vagas<\/li>\n<\/ul>\n\n\n\n<p><\/p>\n\n\n\n<p>O salto em rela\u00e7\u00e3o a 2025 demonstra o esfor\u00e7o do governo em recompor o quadro de servidores e fortalecer a administra\u00e7\u00e3o p\u00fablica.<\/p>\n\n\n\n<h2 class=\"wp-block-heading\"><span class=\"ez-toc-section\" id=\"Distribuicao_das_vagas_previstas_no_PLOA_2026\"><\/span>Distribui\u00e7\u00e3o das vagas previstas no PLOA 2026<span class=\"ez-toc-section-end\"><\/span><\/h2>\n\n\n\n<p>Segundo o projeto or\u00e7ament\u00e1rio, as vagas est\u00e3o distribu\u00eddas da seguinte forma:<\/p>\n\n\n\n<ul>\n<li><strong>Poder Executivo:<\/strong> 155.381 vagas (79.872 para provimento e 75.509 para cria\u00e7\u00e3o)<\/li>\n\n\n\n<li><strong>Poder Judici\u00e1rio:<\/strong> 6.983 vagas (4.418 para provimento e 2.565 para cria\u00e7\u00e3o)<\/li>\n\n\n\n<li><strong>Poder Legislativo:<\/strong> 271 vagas (todas para provimento)<\/li>\n\n\n\n<li><strong>Defensoria P\u00fablica da Uni\u00e3o (DPU):<\/strong> 810 vagas (210 para provimento e 600 para cria\u00e7\u00e3o)<\/li>\n\n\n\n<li><strong>Minist\u00e9rio P\u00fablico da Uni\u00e3o (MPU):<\/strong> 357 vagas (todas para provimento)<\/li>\n<\/ul>\n\n\n\n<p><\/p>\n\n\n\n<p>Al\u00e9m das oportunidades no Executivo, que concentram a maior parte do volume previsto, tamb\u00e9m h\u00e1 previs\u00e3o de <strong>nomea\u00e7\u00f5es e cria\u00e7\u00e3o de cargos<\/strong> no Judici\u00e1rio, Legislativo, MPU e DPU.<\/p>\n\n\n\n<h2 class=\"wp-block-heading\"><span class=\"ez-toc-section\" id=\"Tramitacao_do_PLOA_2026\"><\/span>Tramita\u00e7\u00e3o do PLOA 2026<span class=\"ez-toc-section-end\"><\/span><\/h2>\n\n\n\n<p>Mesmo com a aprova\u00e7\u00e3o no Congresso, \u00e9 importante refor\u00e7ar que o projeto s\u00f3 passa a vigorar como Lei Or\u00e7ament\u00e1ria Anual (LOA) ap\u00f3s a san\u00e7\u00e3o presidencial.<\/p>\n\n\n\n<p>\u00c9 a partir desse momento que o governo pode, de fato, autorizar concursos e nomea\u00e7\u00f5es dentro dos limites previstos no or\u00e7amento.<\/p>\n\n\n\n<p>Ou seja: o PLOA \u00e9 um indicativo muito relevante para concurseiros, pois mostra a inten\u00e7\u00e3o do governo e os limites or\u00e7ament\u00e1rios para novas contrata\u00e7\u00f5es. Ainda que n\u00e3o garanta o preenchimento total das vagas, ele sinaliza o volume de oportunidades que pode ser aberto.<\/p>\n\n\n\n<p>Com o maior n\u00famero de vagas previstas dos \u00faltimos cinco anos, o PLOA 2026 refor\u00e7a a import\u00e2ncia de iniciar (ou intensificar) a prepara\u00e7\u00e3o desde j\u00e1, j\u00e1 que os concursos federais costumam ser os mais atrativos e tamb\u00e9m os mais concorridos.<\/p>\n\n\n\n<h2 class=\"wp-block-heading\"><span class=\"ez-toc-section\" id=\"Concursos_abertos_e_previstos_para_2026\"><\/span>Concursos abertos e previstos para 2026<span class=\"ez-toc-section-end\"><\/span><\/h2>\n\n\n\n<p>Al\u00e9m da previs\u00e3o de novas vagas no PLOA, j\u00e1 existem diversos concursos abertos ou em fase de organiza\u00e7\u00e3o. O destaque vai para sele\u00e7\u00f5es de grande porte, como:<\/p>\n\n\n\n<ul>\n<li><strong>Concurso Banco do Brasil:<\/strong> previsto para 2026, com vagas para Escritur\u00e1rio (n\u00edvel m\u00e9dio)<\/li>\n\n\n\n<li><strong>Concurso INSS:<\/strong> solicita\u00e7\u00e3o de 8.500 vagas (7.000 para T\u00e9cnico e 1.500 para Analista)<\/li>\n\n\n\n<li><strong>Concurso IBGE:<\/strong> autorizado, com 39.108 vagas tempor\u00e1rias para Recenseador, Analista Censit\u00e1rio e Agente Censit\u00e1rio\/Operacional<\/li>\n\n\n\n<li><strong>Concurso PRF:<\/strong> previsto para 2026, com 248 vagas para Agente Administrativo (n\u00edvel m\u00e9dio)<\/li>\n\n\n\n<li><strong>Concurso Petrobras:<\/strong> previsto para 2026, com banca organizadora definida<\/li>\n\n\n\n<li><strong>Concurso C\u00e2mara dos Deputados:<\/strong> edital publicado, com 140 vagas para os cargos de Analista e T\u00e9cnico Legislativo<\/li>\n<\/ul>\n\n\n\n<p><\/p>\n\n\n\n<p>No cen\u00e1rio estadual e municipal, tamb\u00e9m h\u00e1 editais abertos e em andamento, como:<\/p>\n\n\n\n<ul>\n<li>Minist\u00e9rio P\u00fablico do Estado de S\u00e3o Paulo (MP SP)<\/li>\n\n\n\n<li>Tribunal de Contas do Estado do Rio Grande do Norte (TCE RN)<\/li>\n\n\n\n<li>Instituto de Prote\u00e7\u00e3o Ambiental do Amazonas (IPAAM)<\/li>\n\n\n\n<li>Tribunal de Justi\u00e7a de Mato Grosso do Sul (TJ MS)<\/li>\n\n\n\n<li>Assembleia Legislativa do Estado de Goi\u00e1s (ALEGO)<\/li>\n\n\n\n<li>Secretaria de Estado de Justi\u00e7a e Seguran\u00e7a P\u00fablica de Minas Gerais (SEJUSP-MG)<\/li>\n\n\n\n<li>Tribunal de Justi\u00e7a do Rio de Janeiro (TJ RJ)<\/li>\n<\/ul>\n\n\n\n<h2 class=\"wp-block-heading\"><span class=\"ez-toc-section\" id=\"Conquiste_a_sua_vaga\"><\/span>Conquiste a sua vaga!<span class=\"ez-toc-section-end\"><\/span><\/h2>\n\n\n\n<p>Com 2026 cercado de grandes expectativas, o momento \u00e9 ideal para quem sonha com uma vaga no servi\u00e7o p\u00fablico. As oportunidades est\u00e3o distribu\u00eddas entre diversas \u00e1reas e n\u00edveis de escolaridade, com previs\u00e3o de <strong>novos editais e convoca\u00e7\u00f5es<\/strong> em setores estrat\u00e9gicos. <\/p>\n\n\n\n<p>Conquistar um cargo p\u00fablico garante <strong>estabilidade, boa remunera\u00e7\u00e3o e realiza\u00e7\u00e3o pessoal<\/strong>. A Editora Solu\u00e7\u00e3o est\u00e1 pronta para te ajudar nessa jornada,  confira os principais concursos abertos 2026 e comece a se preparar hoje mesmo!<\/p>\n\n\n\n<head>\n<style>\nbutton.css3button {\nfont-family: Arial, Helvetica, sans-serif;\nfont-size: 20px;\ncolor: #ffffff!important;\npadding: 12px 25px;\nbackground: -webkit-gradient(\nlinear, left top, left bottom,\nfrom(#0091ff),\nto(#037efa));\nbackground: linear-gradient(\ntop,\n#0091ff 0%,\n#037efa);\nborder-radius: 8px;\nborder: 0px solid #000000;\nbox-shadow:\n0px 4px 0px rgba(0,111,214,1),\ninset 0px 0px 1px rgba(84,84,84,0.5);\ntext-shadow:\n0px 0px 0px rgba(000,000,000,0.7),\n0px 0px 0px rgba(255,255,255,0.9);\n}\n<\/style>\n<\/head>\n<center><button type=\"button\" name=\"\" value=\"\" class=\"css3button\"><a data-cat=\"link-botao\" style=\"color:#ffffff!important; text-decoration:none;\" href=\"https:\/\/www.editorasolucao.com.br\" target=\"_blank\" rel=\"noopener\"><strong><span style=\"color:#ffffff;\">Clique e Comece seus Estudos!<\/span><\/a><\/strong><\/button><\/center><br\/>\n","protected":false},"excerpt":{"rendered":"<p>Excelente not\u00edcia, concurseiros! O Projeto de Lei Or\u00e7ament\u00e1ria Anual (PLOA 2026) j\u00e1 foi enviado aprovado pelo Congresso Nacional e promete movimentar o cen\u00e1rio dos Concursos Abertos 2026, com previs\u00e3o de 163.802 vagas em \u00f3rg\u00e3os federais. O ano mal come\u00e7ou, mas j\u00e1 existem diversas sele\u00e7\u00f5es previstas para 2026. Ser\u00e3o ofertadas oportunidades para diversos \u00f3rg\u00e3os de poder, como o Executivo, Judici\u00e1rio e Legislativo, al\u00e9m da Defensoria P\u00fablica e o Minist\u00e9rio P\u00fablico da Uni\u00e3o. Ser\u00e3o vagas para todos os n\u00edveis de escolaridade distribu\u00eddos por todo o territ\u00f3rio nacional. Confira aqui todos os detalhes sobre os concursos Abertos e Previstos para 2026! Concursos Abertos&#8230;<\/p>\n","protected":false},"author":26,"featured_media":0,"parent":0,"menu_order":0,"comment_status":"closed","ping_status":"closed","template":"page-lista-concursos-todos.php","meta":{"_acf_changed":false,"rank_math_lock_modified_date":false,"footnotes":""},"acf":[],"_links":{"self":[{"href":"https:\/\/www.editorasolucao.com.br\/blog\/wp-json\/wp\/v2\/pages\/777"}],"collection":[{"href":"https:\/\/www.editorasolucao.com.br\/blog\/wp-json\/wp\/v2\/pages"}],"about":[{"href":"https:\/\/www.editorasolucao.com.br\/blog\/wp-json\/wp\/v2\/types\/page"}],"author":[{"embeddable":true,"href":"https:\/\/www.editorasolucao.com.br\/blog\/wp-json\/wp\/v2\/users\/26"}],"replies":[{"embeddable":true,"href":"https:\/\/www.editorasolucao.com.br\/blog\/wp-json\/wp\/v2\/comments?post=777"}],"version-history":[{"count":27,"href":"https:\/\/www.editorasolucao.com.br\/blog\/wp-json\/wp\/v2\/pages\/777\/revisions"}],"predecessor-version":[{"id":50734,"href":"https:\/\/www.editorasolucao.com.br\/blog\/wp-json\/wp\/v2\/pages\/777\/revisions\/50734"}],"wp:attachment":[{"href":"https:\/\/www.editorasolucao.com.br\/blog\/wp-json\/wp\/v2\/media?parent=777"}],"curies":[{"name":"wp","href":"https:\/\/api.w.org\/{rel}","templated":true}]}}