{"id":789,"date":"2025-11-06T11:25:33","date_gmt":"2025-11-06T14:25:33","guid":{"rendered":"https:\/\/www.editorasolucao.com.br\/blogteste\/?page_id=789"},"modified":"2025-11-06T11:25:38","modified_gmt":"2025-11-06T14:25:38","slug":"concursos-abertos-mg","status":"publish","type":"page","link":"https:\/\/www.editorasolucao.com.br\/blog\/concursos-abertos-mg","title":{"rendered":"Concursos Abertos Minas Gerais 2026"},"content":{"rendered":"\n<p><strong>Minas Gerais est\u00e1 repleta de chances para mudar de vida em 2026!<\/strong> Se voc\u00ea sonha com estabilidade, bons rendimentos e a realiza\u00e7\u00e3o de um futuro mais seguro, chegou a hora de agir. Diversos concursos p\u00fablicos est\u00e3o oferecendo vagas para todos os n\u00edveis de escolaridade \u2014 do ensino fundamental ao superior. \u00c9 o momento ideal para investir em voc\u00ea e conquistar aquela vaga t\u00e3o desejada no servi\u00e7o p\u00fablico.<\/p>\n\n\n\n<p>Explore as oportunidades que o estado mineiro oferece e inicie hoje mesmo sua jornada rumo \u00e0 aprova\u00e7\u00e3o. Confira agora os Concursos Abertos Minas Gerais 2026!<\/p>\n","protected":false},"excerpt":{"rendered":"<p>Minas Gerais est\u00e1 repleta de chances para mudar de vida em 2026! Se voc\u00ea sonha com estabilidade, bons rendimentos e a realiza\u00e7\u00e3o de um futuro mais seguro, chegou a hora de agir. Diversos concursos p\u00fablicos est\u00e3o oferecendo vagas para todos os n\u00edveis de escolaridade \u2014 do ensino fundamental ao superior. \u00c9 o momento ideal para investir em voc\u00ea e conquistar aquela vaga t\u00e3o desejada no servi\u00e7o p\u00fablico. Explore as oportunidades que o estado mineiro oferece e inicie hoje mesmo sua jornada rumo \u00e0 aprova\u00e7\u00e3o. Confira agora os Concursos Abertos Minas Gerais 2026!<\/p>\n","protected":false},"author":26,"featured_media":46574,"parent":0,"menu_order":0,"comment_status":"closed","ping_status":"closed","template":"page-lista-concursos-por-estado.php","meta":{"_acf_changed":false,"rank_math_lock_modified_date":false,"footnotes":""},"acf":[],"_links":{"self":[{"href":"https:\/\/www.editorasolucao.com.br\/blog\/wp-json\/wp\/v2\/pages\/789"}],"collection":[{"href":"https:\/\/www.editorasolucao.com.br\/blog\/wp-json\/wp\/v2\/pages"}],"about":[{"href":"https:\/\/www.editorasolucao.com.br\/blog\/wp-json\/wp\/v2\/types\/page"}],"author":[{"embeddable":true,"href":"https:\/\/www.editorasolucao.com.br\/blog\/wp-json\/wp\/v2\/users\/26"}],"replies":[{"embeddable":true,"href":"https:\/\/www.editorasolucao.com.br\/blog\/wp-json\/wp\/v2\/comments?post=789"}],"version-history":[{"count":17,"href":"https:\/\/www.editorasolucao.com.br\/blog\/wp-json\/wp\/v2\/pages\/789\/revisions"}],"predecessor-version":[{"id":49192,"href":"https:\/\/www.editorasolucao.com.br\/blog\/wp-json\/wp\/v2\/pages\/789\/revisions\/49192"}],"wp:featuredmedia":[{"embeddable":true,"href":"https:\/\/www.editorasolucao.com.br\/blog\/wp-json\/wp\/v2\/media\/46574"}],"wp:attachment":[{"href":"https:\/\/www.editorasolucao.com.br\/blog\/wp-json\/wp\/v2\/media?parent=789"}],"curies":[{"name":"wp","href":"https:\/\/api.w.org\/{rel}","templated":true}]}}