{"id":792,"date":"2025-11-06T11:19:49","date_gmt":"2025-11-06T14:19:49","guid":{"rendered":"https:\/\/www.editorasolucao.com.br\/blogteste\/?page_id=792"},"modified":"2025-11-06T11:22:00","modified_gmt":"2025-11-06T14:22:00","slug":"concursos-abertos-nacional","status":"publish","type":"page","link":"https:\/\/www.editorasolucao.com.br\/blog\/concursos-abertos-nacional","title":{"rendered":"Concursos Abertos Nacional"},"content":{"rendered":"\n<p>O ano de 2026 est\u00e1 com \u00f3timas oportunidades para quem sonha com uma vaga no servi\u00e7o p\u00fablico! Mesmo com os desafios econ\u00f4micos previstos, o cen\u00e1rio dos concursos est\u00e1 aquecido e repleto de boas not\u00edcias.<\/p>\n\n\n\n<p>A grande novidade \u00e9 que o Or\u00e7amento Federal de 2026 (LOA 2026) trouxe a previs\u00e3o de <strong>mais de 89 mil vagas<\/strong> em \u00f3rg\u00e3os p\u00fablicos de todo o pa\u00eds. As oportunidades se estendem por todos os poderes \u2013 Executivo, Judici\u00e1rio e Legislativo \u2013 al\u00e9m de institui\u00e7\u00f5es como o MPU e a DPU.<\/p>\n\n\n\n<div id=\"ez-toc-container\" class=\"ez-toc-v2_0_69_1 counter-hierarchy ez-toc-counter ez-toc-grey ez-toc-container-direction\">\n<div class=\"ez-toc-title-container\">\n<p class=\"ez-toc-title \" >Menu de navega&ccedil;&atilde;o<\/p>\n<span class=\"ez-toc-title-toggle\"><a href=\"#\" class=\"ez-toc-pull-right ez-toc-btn ez-toc-btn-xs ez-toc-btn-default ez-toc-toggle\" aria-label=\"Toggle Table of Content\"><span class=\"ez-toc-js-icon-con\"><span class=\"\"><span class=\"eztoc-hide\" style=\"display:none;\">Toggle<\/span><span class=\"ez-toc-icon-toggle-span\"><svg style=\"fill: #999;color:#999\" xmlns=\"http:\/\/www.w3.org\/2000\/svg\" class=\"list-377408\" width=\"20px\" height=\"20px\" viewBox=\"0 0 24 24\" fill=\"none\"><path d=\"M6 6H4v2h2V6zm14 0H8v2h12V6zM4 11h2v2H4v-2zm16 0H8v2h12v-2zM4 16h2v2H4v-2zm16 0H8v2h12v-2z\" fill=\"currentColor\"><\/path><\/svg><svg style=\"fill: #999;color:#999\" class=\"arrow-unsorted-368013\" xmlns=\"http:\/\/www.w3.org\/2000\/svg\" width=\"10px\" height=\"10px\" viewBox=\"0 0 24 24\" version=\"1.2\" baseProfile=\"tiny\"><path d=\"M18.2 9.3l-6.2-6.3-6.2 6.3c-.2.2-.3.4-.3.7s.1.5.3.7c.2.2.4.3.7.3h11c.3 0 .5-.1.7-.3.2-.2.3-.5.3-.7s-.1-.5-.3-.7zM5.8 14.7l6.2 6.3 6.2-6.3c.2-.2.3-.5.3-.7s-.1-.5-.3-.7c-.2-.2-.4-.3-.7-.3h-11c-.3 0-.5.1-.7.3-.2.2-.3.5-.3.7s.1.5.3.7z\"\/><\/svg><\/span><\/span><\/span><\/a><\/span><\/div>\n<nav><ul class='ez-toc-list ez-toc-list-level-1 ' ><li class='ez-toc-page-1 ez-toc-heading-level-2'><a class=\"ez-toc-link ez-toc-heading-1\" href=\"https:\/\/www.editorasolucao.com.br\/blog\/concursos-abertos-nacional\/#Distribuicao_das_vagas_previstas_no_Orcamento_2026\" title=\"Distribui\u00e7\u00e3o das vagas previstas no Or\u00e7amento 2026\">Distribui\u00e7\u00e3o das vagas previstas no Or\u00e7amento 2026<\/a><\/li><li class='ez-toc-page-1 ez-toc-heading-level-2'><a class=\"ez-toc-link ez-toc-heading-2\" href=\"https:\/\/www.editorasolucao.com.br\/blog\/concursos-abertos-nacional\/#Concursos_abertos_ou_em_andamento_em_2025\" title=\"Concursos abertos ou em andamento em 2025\">Concursos abertos ou em andamento em 2025<\/a><\/li><\/ul><\/nav><\/div>\n<h2 class=\"wp-block-heading\"><span class=\"ez-toc-section\" id=\"Distribuicao_das_vagas_previstas_no_Orcamento_2026\"><\/span>Distribui\u00e7\u00e3o das vagas previstas no Or\u00e7amento 2026<span class=\"ez-toc-section-end\"><\/span><\/h2>\n\n\n\n<ul>\n<li><strong>Poder Executivo: <\/strong>81.421 (42.892 para provimento e 38.529 para cria\u00e7\u00e3o)<\/li>\n\n\n\n<li><strong>Poder Judici\u00e1rio:<\/strong> 6.174 (4.116 para provimento e 2.058 para cria\u00e7\u00e3o)<\/li>\n\n\n\n<li><strong>Poder Legislativo: <\/strong>296 (todas para provimento)<\/li>\n\n\n\n<li><strong>Defensoria P\u00fablica da Uni\u00e3o (DPU):<\/strong> 810 (210 para provimento e 600 para cria\u00e7\u00e3o)<\/li>\n\n\n\n<li><strong>Minist\u00e9rio P\u00fablico da Uni\u00e3o (MPU): <\/strong>357 (todas para provimento)<\/li>\n<\/ul>\n\n\n\n<p><\/p>\n\n\n\n<p>Muitas dessas vagas j\u00e1 come\u00e7aram a se transformar em editais, e outras est\u00e3o em fase de autoriza\u00e7\u00e3o ou escolha de banca.<\/p>\n\n\n\n<h2 class=\"wp-block-heading\"><span class=\"ez-toc-section\" id=\"Concursos_abertos_ou_em_andamento_em_2025\"><\/span>Concursos abertos ou em andamento em 2025<span class=\"ez-toc-section-end\"><\/span><\/h2>\n\n\n\n<p>V\u00e1rios concursos j\u00e1 est\u00e3o movimentando os concurseiros em todo o pa\u00eds. Confira alguns dos destaques:<\/p>\n\n\n\n<ul>\n<li>Companhia de Pesquisa de Recursos Minerais (CPRM)<\/li>\n\n\n\n<li>Ag\u00eancia Brasileira de Apoio \u00e0 Gest\u00e3o do SUS (AgSUS)<\/li>\n\n\n\n<li>Tribunal de Justi\u00e7a de S\u00e3o Paulo (TJ SP)<\/li>\n\n\n\n<li>Pol\u00edcia Civil de Mato Grosso do Sul (PC MS)<\/li>\n\n\n\n<li>Tribunal de Contas do Estado de Mato Grosso do Sul (TCE MS)<\/li>\n\n\n\n<li>Tribunal de Justi\u00e7a do Rio de Janeiro (TJ RJ)<\/li>\n\n\n\n<li>Secretaria de Educa\u00e7\u00e3o de Minas Gerais (SEE MG)<\/li>\n<\/ul>\n\n\n\n<p><\/p>\n\n\n\n<p>Al\u00e9m disso, diversos \u00f3rg\u00e3os j\u00e1 solicitaram novas sele\u00e7\u00f5es ao Minist\u00e9rio da Gest\u00e3o e Inova\u00e7\u00e3o (MGI), aumentando ainda mais as expectativas.<\/p>\n\n\n\n<p>Com oportunidades em todas as regi\u00f5es e para todos os n\u00edveis de escolaridade, <strong>2026 ser\u00e1 o ano ideal para conquistar sua vaga<\/strong>. Al\u00e9m da estabilidade, os sal\u00e1rios s\u00e3o atrativos e os benef\u00edcios fazem toda a diferen\u00e7a na qualidade de vida.<\/p>\n\n\n\n<p>Se voc\u00ea sonha com um futuro melhor, com seguran\u00e7a financeira e realiza\u00e7\u00e3o profissional, n\u00e3o perca tempo: <strong>a hora de se preparar \u00e9 agora!<\/strong><\/p>\n\n\n\n<p>Fique ligado na Editora Solu\u00e7\u00e3o e acompanhe todas as novidades do mundo dos concursos!<\/p>\n\n\n\n<p>Confira os concursos nacionais abertos em 2025: <\/p>\n","protected":false},"excerpt":{"rendered":"<p>O ano de 2026 est\u00e1 com \u00f3timas oportunidades para quem sonha com uma vaga no servi\u00e7o p\u00fablico! Mesmo com os desafios econ\u00f4micos previstos, o cen\u00e1rio dos concursos est\u00e1 aquecido e repleto de boas not\u00edcias. A grande novidade \u00e9 que o Or\u00e7amento Federal de 2026 (LOA 2026) trouxe a previs\u00e3o de mais de 89 mil vagas em \u00f3rg\u00e3os p\u00fablicos de todo o pa\u00eds. As oportunidades se estendem por todos os poderes \u2013 Executivo, Judici\u00e1rio e Legislativo \u2013 al\u00e9m de institui\u00e7\u00f5es como o MPU e a DPU. Distribui\u00e7\u00e3o das vagas previstas no Or\u00e7amento 2026 Muitas dessas vagas j\u00e1 come\u00e7aram a se transformar&#8230;<\/p>\n","protected":false},"author":26,"featured_media":46541,"parent":0,"menu_order":0,"comment_status":"closed","ping_status":"closed","template":"page-lista-concursos-por-estado.php","meta":{"_acf_changed":false,"rank_math_lock_modified_date":false,"footnotes":""},"acf":[],"_links":{"self":[{"href":"https:\/\/www.editorasolucao.com.br\/blog\/wp-json\/wp\/v2\/pages\/792"}],"collection":[{"href":"https:\/\/www.editorasolucao.com.br\/blog\/wp-json\/wp\/v2\/pages"}],"about":[{"href":"https:\/\/www.editorasolucao.com.br\/blog\/wp-json\/wp\/v2\/types\/page"}],"author":[{"embeddable":true,"href":"https:\/\/www.editorasolucao.com.br\/blog\/wp-json\/wp\/v2\/users\/26"}],"replies":[{"embeddable":true,"href":"https:\/\/www.editorasolucao.com.br\/blog\/wp-json\/wp\/v2\/comments?post=792"}],"version-history":[{"count":17,"href":"https:\/\/www.editorasolucao.com.br\/blog\/wp-json\/wp\/v2\/pages\/792\/revisions"}],"predecessor-version":[{"id":49188,"href":"https:\/\/www.editorasolucao.com.br\/blog\/wp-json\/wp\/v2\/pages\/792\/revisions\/49188"}],"wp:featuredmedia":[{"embeddable":true,"href":"https:\/\/www.editorasolucao.com.br\/blog\/wp-json\/wp\/v2\/media\/46541"}],"wp:attachment":[{"href":"https:\/\/www.editorasolucao.com.br\/blog\/wp-json\/wp\/v2\/media?parent=792"}],"curies":[{"name":"wp","href":"https:\/\/api.w.org\/{rel}","templated":true}]}}