{"id":795,"date":"2025-11-06T11:24:09","date_gmt":"2025-11-06T14:24:09","guid":{"rendered":"https:\/\/www.editorasolucao.com.br\/blogteste\/?page_id=795"},"modified":"2025-11-06T11:25:49","modified_gmt":"2025-11-06T14:25:49","slug":"concursos-abertos-sp","status":"publish","type":"page","link":"https:\/\/www.editorasolucao.com.br\/blog\/concursos-abertos-sp","title":{"rendered":"Concursos Abertos S\u00e3o Paulo 2026"},"content":{"rendered":"\n<p><strong>Grandes oportunidades te esperam em 2026!<\/strong> Se voc\u00ea est\u00e1 em busca de seguran\u00e7a, bons sal\u00e1rios e crescimento profissional, este \u00e9 o seu momento. Com milhares de vagas dispon\u00edveis em concursos p\u00fablicos para todos os n\u00edveis de escolaridade, o cen\u00e1rio deste ano estar\u00e1 mais promissor do que nunca. S\u00e3o chances reais de transformar sua vida com estabilidade financeira e realiza\u00e7\u00e3o pessoal.<br><\/p>\n\n\n\n<p>N\u00e3o deixe o tempo passar \u2014 descubra agora os concursos abertos em S\u00e3o Paulo em 2026 e d\u00ea o primeiro passo rumo \u00e0 conquista do seu futuro!<\/p>\n","protected":false},"excerpt":{"rendered":"<p>Grandes oportunidades te esperam em 2026! Se voc\u00ea est\u00e1 em busca de seguran\u00e7a, bons sal\u00e1rios e crescimento profissional, este \u00e9 o seu momento. Com milhares de vagas dispon\u00edveis em concursos p\u00fablicos para todos os n\u00edveis de escolaridade, o cen\u00e1rio deste ano estar\u00e1 mais promissor do que nunca. S\u00e3o chances reais de transformar sua vida com estabilidade financeira e realiza\u00e7\u00e3o pessoal. N\u00e3o deixe o tempo passar \u2014 descubra agora os concursos abertos em S\u00e3o Paulo em 2026 e d\u00ea o primeiro passo rumo \u00e0 conquista do seu futuro!<\/p>\n","protected":false},"author":26,"featured_media":46571,"parent":0,"menu_order":0,"comment_status":"closed","ping_status":"closed","template":"page-lista-concursos-por-estado.php","meta":{"_acf_changed":false,"rank_math_lock_modified_date":false,"footnotes":""},"acf":[],"_links":{"self":[{"href":"https:\/\/www.editorasolucao.com.br\/blog\/wp-json\/wp\/v2\/pages\/795"}],"collection":[{"href":"https:\/\/www.editorasolucao.com.br\/blog\/wp-json\/wp\/v2\/pages"}],"about":[{"href":"https:\/\/www.editorasolucao.com.br\/blog\/wp-json\/wp\/v2\/types\/page"}],"author":[{"embeddable":true,"href":"https:\/\/www.editorasolucao.com.br\/blog\/wp-json\/wp\/v2\/users\/26"}],"replies":[{"embeddable":true,"href":"https:\/\/www.editorasolucao.com.br\/blog\/wp-json\/wp\/v2\/comments?post=795"}],"version-history":[{"count":15,"href":"https:\/\/www.editorasolucao.com.br\/blog\/wp-json\/wp\/v2\/pages\/795\/revisions"}],"predecessor-version":[{"id":49190,"href":"https:\/\/www.editorasolucao.com.br\/blog\/wp-json\/wp\/v2\/pages\/795\/revisions\/49190"}],"wp:featuredmedia":[{"embeddable":true,"href":"https:\/\/www.editorasolucao.com.br\/blog\/wp-json\/wp\/v2\/media\/46571"}],"wp:attachment":[{"href":"https:\/\/www.editorasolucao.com.br\/blog\/wp-json\/wp\/v2\/media?parent=795"}],"curies":[{"name":"wp","href":"https:\/\/api.w.org\/{rel}","templated":true}]}}