{"id":811,"date":"2025-11-06T11:54:42","date_gmt":"2025-11-06T14:54:42","guid":{"rendered":"https:\/\/www.editorasolucao.com.br\/blogteste\/?page_id=811"},"modified":"2025-11-06T12:02:42","modified_gmt":"2025-11-06T15:02:42","slug":"concursos-abertos-sc","status":"publish","type":"page","link":"https:\/\/www.editorasolucao.com.br\/blog\/concursos-abertos-sc","title":{"rendered":"Concursos Abertos Santa Catarina 2026"},"content":{"rendered":"\n<p><strong>Grandes oportunidades aguardam por voc\u00ea!<\/strong> Se voc\u00ea busca estabilidade, bons sal\u00e1rios e uma carreira s\u00f3lida no servi\u00e7o p\u00fablico, este \u00e9 o momento certo para come\u00e7ar. Santa Catarina conta com milhares de vagas abertas para 2026, para todos os n\u00edveis de escolaridade.<\/p>\n\n\n\n<p>As oportunidades se distribuem por diversas \u00e1reas, como sa\u00fade, seguran\u00e7a, educa\u00e7\u00e3o, administra\u00e7\u00e3o p\u00fablica e sele\u00e7\u00f5es municipais, com remunera\u00e7\u00f5es atrativas e excelentes benef\u00edcios.<\/p>\n\n\n\n<p>N\u00e3o deixe essa chance passar! Explore todas as op\u00e7\u00f5es e d\u00ea o pr\u00f3ximo passo na sua trajet\u00f3ria profissional. Confira agora os Concursos Abertos Santa Catarina 2026!<\/p>\n","protected":false},"excerpt":{"rendered":"<p>Grandes oportunidades aguardam por voc\u00ea! Se voc\u00ea busca estabilidade, bons sal\u00e1rios e uma carreira s\u00f3lida no servi\u00e7o p\u00fablico, este \u00e9 o momento certo para come\u00e7ar. Santa Catarina conta com milhares de vagas abertas para 2026, para todos os n\u00edveis de escolaridade. As oportunidades se distribuem por diversas \u00e1reas, como sa\u00fade, seguran\u00e7a, educa\u00e7\u00e3o, administra\u00e7\u00e3o p\u00fablica e sele\u00e7\u00f5es municipais, com remunera\u00e7\u00f5es atrativas e excelentes benef\u00edcios. N\u00e3o deixe essa chance passar! Explore todas as op\u00e7\u00f5es e d\u00ea o pr\u00f3ximo passo na sua trajet\u00f3ria profissional. Confira agora os Concursos Abertos Santa Catarina 2026!<\/p>\n","protected":false},"author":26,"featured_media":47156,"parent":0,"menu_order":0,"comment_status":"closed","ping_status":"closed","template":"page-lista-concursos-por-estado.php","meta":{"_acf_changed":false,"rank_math_lock_modified_date":false,"footnotes":""},"acf":[],"_links":{"self":[{"href":"https:\/\/www.editorasolucao.com.br\/blog\/wp-json\/wp\/v2\/pages\/811"}],"collection":[{"href":"https:\/\/www.editorasolucao.com.br\/blog\/wp-json\/wp\/v2\/pages"}],"about":[{"href":"https:\/\/www.editorasolucao.com.br\/blog\/wp-json\/wp\/v2\/types\/page"}],"author":[{"embeddable":true,"href":"https:\/\/www.editorasolucao.com.br\/blog\/wp-json\/wp\/v2\/users\/26"}],"replies":[{"embeddable":true,"href":"https:\/\/www.editorasolucao.com.br\/blog\/wp-json\/wp\/v2\/comments?post=811"}],"version-history":[{"count":12,"href":"https:\/\/www.editorasolucao.com.br\/blog\/wp-json\/wp\/v2\/pages\/811\/revisions"}],"predecessor-version":[{"id":49225,"href":"https:\/\/www.editorasolucao.com.br\/blog\/wp-json\/wp\/v2\/pages\/811\/revisions\/49225"}],"wp:featuredmedia":[{"embeddable":true,"href":"https:\/\/www.editorasolucao.com.br\/blog\/wp-json\/wp\/v2\/media\/47156"}],"wp:attachment":[{"href":"https:\/\/www.editorasolucao.com.br\/blog\/wp-json\/wp\/v2\/media?parent=811"}],"curies":[{"name":"wp","href":"https:\/\/api.w.org\/{rel}","templated":true}]}}