{"id":818,"date":"2025-11-06T11:45:46","date_gmt":"2025-11-06T14:45:46","guid":{"rendered":"https:\/\/www.editorasolucao.com.br\/blogteste\/?page_id=818"},"modified":"2025-11-06T11:51:52","modified_gmt":"2025-11-06T14:51:52","slug":"concursos-abertos-df","status":"publish","type":"page","link":"https:\/\/www.editorasolucao.com.br\/blog\/concursos-abertos-df","title":{"rendered":"Concursos Abertos Distrito Federal 2026"},"content":{"rendered":"\n<p>Podemos dizer que o Distrito Federal \u00e9 o <strong>ber\u00e7o dos concursos<\/strong>. Sim, estamos falando da regi\u00e3o que geralmente tem os maiores e mais importantes concursos do pa\u00eds. Para os brasilienses esta \u00e9 uma excelente not\u00edcia, mas para quem deseja se mudar para o DF <strong>oportunidades \u00e9 o que n\u00e3o v\u00e3o faltar<\/strong>.<\/p>\n\n\n\n<p>S\u00e3o centenas de vagas abertas para candidatos de <strong>todos os n\u00edveis de&nbsp;escolaridade<\/strong> com sal\u00e1rios que chegam a mais de <strong>R$30 mil<\/strong>. Portanto comece j\u00e1 sua prepara\u00e7\u00e3o, pois a <strong>concorr\u00eancia ser\u00e1 acirrada<\/strong> e vencer\u00e1 o candidato mais bem preparado(a).<\/p>\n\n\n\n<p>N\u00e3o perca mais tempo! Confira aqui todos os Concursos Abertos Distrito Federal 2026!<\/p>\n","protected":false},"excerpt":{"rendered":"<p>Podemos dizer que o Distrito Federal \u00e9 o ber\u00e7o dos concursos. Sim, estamos falando da regi\u00e3o que geralmente tem os maiores e mais importantes concursos do pa\u00eds. Para os brasilienses esta \u00e9 uma excelente not\u00edcia, mas para quem deseja se mudar para o DF oportunidades \u00e9 o que n\u00e3o v\u00e3o faltar. S\u00e3o centenas de vagas abertas para candidatos de todos os n\u00edveis de&nbsp;escolaridade com sal\u00e1rios que chegam a mais de R$30 mil. Portanto comece j\u00e1 sua prepara\u00e7\u00e3o, pois a concorr\u00eancia ser\u00e1 acirrada e vencer\u00e1 o candidato mais bem preparado(a). N\u00e3o perca mais tempo! Confira aqui todos os Concursos Abertos Distrito&#8230;<\/p>\n","protected":false},"author":26,"featured_media":47156,"parent":0,"menu_order":0,"comment_status":"closed","ping_status":"closed","template":"page-lista-concursos-por-estado.php","meta":{"_acf_changed":false,"rank_math_lock_modified_date":false,"footnotes":""},"acf":[],"_links":{"self":[{"href":"https:\/\/www.editorasolucao.com.br\/blog\/wp-json\/wp\/v2\/pages\/818"}],"collection":[{"href":"https:\/\/www.editorasolucao.com.br\/blog\/wp-json\/wp\/v2\/pages"}],"about":[{"href":"https:\/\/www.editorasolucao.com.br\/blog\/wp-json\/wp\/v2\/types\/page"}],"author":[{"embeddable":true,"href":"https:\/\/www.editorasolucao.com.br\/blog\/wp-json\/wp\/v2\/users\/26"}],"replies":[{"embeddable":true,"href":"https:\/\/www.editorasolucao.com.br\/blog\/wp-json\/wp\/v2\/comments?post=818"}],"version-history":[{"count":12,"href":"https:\/\/www.editorasolucao.com.br\/blog\/wp-json\/wp\/v2\/pages\/818\/revisions"}],"predecessor-version":[{"id":49214,"href":"https:\/\/www.editorasolucao.com.br\/blog\/wp-json\/wp\/v2\/pages\/818\/revisions\/49214"}],"wp:featuredmedia":[{"embeddable":true,"href":"https:\/\/www.editorasolucao.com.br\/blog\/wp-json\/wp\/v2\/media\/47156"}],"wp:attachment":[{"href":"https:\/\/www.editorasolucao.com.br\/blog\/wp-json\/wp\/v2\/media?parent=818"}],"curies":[{"name":"wp","href":"https:\/\/api.w.org\/{rel}","templated":true}]}}