{"id":822,"date":"2025-11-06T11:51:44","date_gmt":"2025-11-06T14:51:44","guid":{"rendered":"https:\/\/www.editorasolucao.com.br\/blogteste\/?page_id=822"},"modified":"2025-11-06T11:51:55","modified_gmt":"2025-11-06T14:51:55","slug":"concursos-abertos-go","status":"publish","type":"page","link":"https:\/\/www.editorasolucao.com.br\/blog\/concursos-abertos-go","title":{"rendered":"Concursos Abertos Goi\u00e1s 2026"},"content":{"rendered":"\n<p>Se voc\u00ea busca estabilidade, bons sal\u00e1rios e uma carreira s\u00f3lida no servi\u00e7o p\u00fablico, <strong>este \u00e9 o momento certo para agir!<\/strong> Para 2026, o estado de Goi\u00e1s re\u00fane milhares de vagas abertas para todos os n\u00edveis de escolaridade \u2014 fundamental, m\u00e9dio, t\u00e9cnico e superior.<\/p>\n\n\n\n<p>As oportunidades abrangem diversas \u00e1reas, como seguran\u00e7a p\u00fablica, sa\u00fade, educa\u00e7\u00e3o, administra\u00e7\u00e3o, al\u00e9m de concursos municipais, com remunera\u00e7\u00f5es atrativas e benef\u00edcios que garantem qualidade de vida.<\/p>\n\n\n\n<p>N\u00e3o deixe essa chance passar! Explore todas as op\u00e7\u00f5es dispon\u00edveis e d\u00ea o pr\u00f3ximo passo rumo \u00e0 aprova\u00e7\u00e3o. Confira agora os Concursos Abertos Goi\u00e1s 2026!<\/p>\n","protected":false},"excerpt":{"rendered":"<p>Se voc\u00ea busca estabilidade, bons sal\u00e1rios e uma carreira s\u00f3lida no servi\u00e7o p\u00fablico, este \u00e9 o momento certo para agir! Para 2026, o estado de Goi\u00e1s re\u00fane milhares de vagas abertas para todos os n\u00edveis de escolaridade \u2014 fundamental, m\u00e9dio, t\u00e9cnico e superior. As oportunidades abrangem diversas \u00e1reas, como seguran\u00e7a p\u00fablica, sa\u00fade, educa\u00e7\u00e3o, administra\u00e7\u00e3o, al\u00e9m de concursos municipais, com remunera\u00e7\u00f5es atrativas e benef\u00edcios que garantem qualidade de vida. N\u00e3o deixe essa chance passar! Explore todas as op\u00e7\u00f5es dispon\u00edveis e d\u00ea o pr\u00f3ximo passo rumo \u00e0 aprova\u00e7\u00e3o. Confira agora os Concursos Abertos Goi\u00e1s 2026!<\/p>\n","protected":false},"author":26,"featured_media":47156,"parent":0,"menu_order":0,"comment_status":"closed","ping_status":"closed","template":"page-lista-concursos-por-estado.php","meta":{"_acf_changed":false,"rank_math_lock_modified_date":false,"footnotes":""},"acf":[],"_links":{"self":[{"href":"https:\/\/www.editorasolucao.com.br\/blog\/wp-json\/wp\/v2\/pages\/822"}],"collection":[{"href":"https:\/\/www.editorasolucao.com.br\/blog\/wp-json\/wp\/v2\/pages"}],"about":[{"href":"https:\/\/www.editorasolucao.com.br\/blog\/wp-json\/wp\/v2\/types\/page"}],"author":[{"embeddable":true,"href":"https:\/\/www.editorasolucao.com.br\/blog\/wp-json\/wp\/v2\/users\/26"}],"replies":[{"embeddable":true,"href":"https:\/\/www.editorasolucao.com.br\/blog\/wp-json\/wp\/v2\/comments?post=822"}],"version-history":[{"count":15,"href":"https:\/\/www.editorasolucao.com.br\/blog\/wp-json\/wp\/v2\/pages\/822\/revisions"}],"predecessor-version":[{"id":49216,"href":"https:\/\/www.editorasolucao.com.br\/blog\/wp-json\/wp\/v2\/pages\/822\/revisions\/49216"}],"wp:featuredmedia":[{"embeddable":true,"href":"https:\/\/www.editorasolucao.com.br\/blog\/wp-json\/wp\/v2\/media\/47156"}],"wp:attachment":[{"href":"https:\/\/www.editorasolucao.com.br\/blog\/wp-json\/wp\/v2\/media?parent=822"}],"curies":[{"name":"wp","href":"https:\/\/api.w.org\/{rel}","templated":true}]}}