{"id":825,"date":"2025-11-06T11:26:29","date_gmt":"2025-11-06T14:26:29","guid":{"rendered":"https:\/\/www.editorasolucao.com.br\/blogteste\/?page_id=825"},"modified":"2025-11-06T12:18:10","modified_gmt":"2025-11-06T15:18:10","slug":"concursos-abertos-es","status":"publish","type":"page","link":"https:\/\/www.editorasolucao.com.br\/blog\/concursos-abertos-es","title":{"rendered":"Concursos Abertos Esp\u00edrito Santo 2026"},"content":{"rendered":"\n<p><strong>Grandes oportunidades te esperam em 2026!<\/strong> Se voc\u00ea est\u00e1 em busca de estabilidade e crescimento profissional, o momento \u00e9 agora. Est\u00e3o abertas diversas vagas em concursos p\u00fablicos para todos os n\u00edveis de escolaridade, abrangendo prefeituras, secretarias, universidades, entre outros \u00f3rg\u00e3os.<br>Al\u00e9m disso, novos editais est\u00e3o previstos para este ano, incluindo \u00e1reas legislativas, jur\u00eddicas e de seguran\u00e7a p\u00fablica.<\/p>\n\n\n\n<p>N\u00e3o perca tempo \u2014 confira os Concursos Abertos Esp\u00edrito Santo 2026 e comece sua jornada rumo \u00e0 aprova\u00e7\u00e3o!<\/p>\n","protected":false},"excerpt":{"rendered":"<p>Grandes oportunidades te esperam em 2026! Se voc\u00ea est\u00e1 em busca de estabilidade e crescimento profissional, o momento \u00e9 agora. Est\u00e3o abertas diversas vagas em concursos p\u00fablicos para todos os n\u00edveis de escolaridade, abrangendo prefeituras, secretarias, universidades, entre outros \u00f3rg\u00e3os.Al\u00e9m disso, novos editais est\u00e3o previstos para este ano, incluindo \u00e1reas legislativas, jur\u00eddicas e de seguran\u00e7a p\u00fablica. N\u00e3o perca tempo \u2014 confira os Concursos Abertos Esp\u00edrito Santo 2026 e comece sua jornada rumo \u00e0 aprova\u00e7\u00e3o!<\/p>\n","protected":false},"author":26,"featured_media":47194,"parent":0,"menu_order":0,"comment_status":"closed","ping_status":"closed","template":"page-lista-concursos-por-estado.php","meta":{"_acf_changed":false,"rank_math_lock_modified_date":false,"footnotes":""},"acf":[],"_links":{"self":[{"href":"https:\/\/www.editorasolucao.com.br\/blog\/wp-json\/wp\/v2\/pages\/825"}],"collection":[{"href":"https:\/\/www.editorasolucao.com.br\/blog\/wp-json\/wp\/v2\/pages"}],"about":[{"href":"https:\/\/www.editorasolucao.com.br\/blog\/wp-json\/wp\/v2\/types\/page"}],"author":[{"embeddable":true,"href":"https:\/\/www.editorasolucao.com.br\/blog\/wp-json\/wp\/v2\/users\/26"}],"replies":[{"embeddable":true,"href":"https:\/\/www.editorasolucao.com.br\/blog\/wp-json\/wp\/v2\/comments?post=825"}],"version-history":[{"count":14,"href":"https:\/\/www.editorasolucao.com.br\/blog\/wp-json\/wp\/v2\/pages\/825\/revisions"}],"predecessor-version":[{"id":49193,"href":"https:\/\/www.editorasolucao.com.br\/blog\/wp-json\/wp\/v2\/pages\/825\/revisions\/49193"}],"wp:featuredmedia":[{"embeddable":true,"href":"https:\/\/www.editorasolucao.com.br\/blog\/wp-json\/wp\/v2\/media\/47194"}],"wp:attachment":[{"href":"https:\/\/www.editorasolucao.com.br\/blog\/wp-json\/wp\/v2\/media?parent=825"}],"curies":[{"name":"wp","href":"https:\/\/api.w.org\/{rel}","templated":true}]}}