{"id":828,"date":"2025-11-06T11:51:23","date_gmt":"2025-11-06T14:51:23","guid":{"rendered":"https:\/\/www.editorasolucao.com.br\/blogteste\/?page_id=828"},"modified":"2025-11-06T11:52:02","modified_gmt":"2025-11-06T14:52:02","slug":"concursos-abertos-rs","status":"publish","type":"page","link":"https:\/\/www.editorasolucao.com.br\/blog\/concursos-abertos-rs","title":{"rendered":"Concursos Abertos Rio Grande do Sul 2026"},"content":{"rendered":"\n<p><strong>Oportunidades imperd\u00edveis est\u00e3o esperando por voc\u00ea!<\/strong> Se voc\u00ea est\u00e1 em busca de estabilidade, bons sal\u00e1rios e uma carreira p\u00fablica promissora, este \u00e9 o momento ideal para come\u00e7ar sua jornada. O estado oferece milhares de vagas para candidatos de todos os n\u00edveis de escolaridade \u2014 fundamental, m\u00e9dio, t\u00e9cnico e superior.<\/p>\n\n\n\n<p>As oportunidades abrangem \u00e1reas como seguran\u00e7a, sa\u00fade, educa\u00e7\u00e3o, administra\u00e7\u00e3o p\u00fablica e sele\u00e7\u00f5es municipais, com sal\u00e1rios atrativos e \u00f3timos benef\u00edcios.<\/p>\n\n\n\n<p>N\u00e3o perca tempo! Explore as vagas dispon\u00edveis e d\u00ea o pr\u00f3ximo passo rumo \u00e0 sua aprova\u00e7\u00e3o. Confira agora os Concursos Abertos Rio Grande do Sul 2026!<\/p>\n\n\n\n<p><\/p>\n","protected":false},"excerpt":{"rendered":"<p>Oportunidades imperd\u00edveis est\u00e3o esperando por voc\u00ea! Se voc\u00ea est\u00e1 em busca de estabilidade, bons sal\u00e1rios e uma carreira p\u00fablica promissora, este \u00e9 o momento ideal para come\u00e7ar sua jornada. O estado oferece milhares de vagas para candidatos de todos os n\u00edveis de escolaridade \u2014 fundamental, m\u00e9dio, t\u00e9cnico e superior. As oportunidades abrangem \u00e1reas como seguran\u00e7a, sa\u00fade, educa\u00e7\u00e3o, administra\u00e7\u00e3o p\u00fablica e sele\u00e7\u00f5es municipais, com sal\u00e1rios atrativos e \u00f3timos benef\u00edcios. N\u00e3o perca tempo! Explore as vagas dispon\u00edveis e d\u00ea o pr\u00f3ximo passo rumo \u00e0 sua aprova\u00e7\u00e3o. Confira agora os Concursos Abertos Rio Grande do Sul 2026!<\/p>\n","protected":false},"author":26,"featured_media":47156,"parent":0,"menu_order":0,"comment_status":"closed","ping_status":"closed","template":"page-lista-concursos-por-estado.php","meta":{"_acf_changed":false,"rank_math_lock_modified_date":false,"footnotes":""},"acf":[],"_links":{"self":[{"href":"https:\/\/www.editorasolucao.com.br\/blog\/wp-json\/wp\/v2\/pages\/828"}],"collection":[{"href":"https:\/\/www.editorasolucao.com.br\/blog\/wp-json\/wp\/v2\/pages"}],"about":[{"href":"https:\/\/www.editorasolucao.com.br\/blog\/wp-json\/wp\/v2\/types\/page"}],"author":[{"embeddable":true,"href":"https:\/\/www.editorasolucao.com.br\/blog\/wp-json\/wp\/v2\/users\/26"}],"replies":[{"embeddable":true,"href":"https:\/\/www.editorasolucao.com.br\/blog\/wp-json\/wp\/v2\/comments?post=828"}],"version-history":[{"count":11,"href":"https:\/\/www.editorasolucao.com.br\/blog\/wp-json\/wp\/v2\/pages\/828\/revisions"}],"predecessor-version":[{"id":49224,"href":"https:\/\/www.editorasolucao.com.br\/blog\/wp-json\/wp\/v2\/pages\/828\/revisions\/49224"}],"wp:featuredmedia":[{"embeddable":true,"href":"https:\/\/www.editorasolucao.com.br\/blog\/wp-json\/wp\/v2\/media\/47156"}],"wp:attachment":[{"href":"https:\/\/www.editorasolucao.com.br\/blog\/wp-json\/wp\/v2\/media?parent=828"}],"curies":[{"name":"wp","href":"https:\/\/api.w.org\/{rel}","templated":true}]}}