{"id":834,"date":"2025-11-06T11:38:16","date_gmt":"2025-11-06T14:38:16","guid":{"rendered":"https:\/\/www.editorasolucao.com.br\/blogteste\/?page_id=834"},"modified":"2025-11-06T11:39:49","modified_gmt":"2025-11-06T14:39:49","slug":"concursos-abertos-pe","status":"publish","type":"page","link":"https:\/\/www.editorasolucao.com.br\/blog\/concursos-abertos-pe","title":{"rendered":"Concursos Abertos Pernambuco 2026"},"content":{"rendered":"\n<p><strong>Oportunidades imperd\u00edveis est\u00e3o esperando por voc\u00ea!<\/strong> O ano de 2026 traz uma enxurrada de oportunidades para quem busca estabilidade e qualidade de vida por meio do servi\u00e7o p\u00fablico. <\/p>\n\n\n\n<p>S\u00e3o milhares de oportunidades em \u00e1reas como sa\u00fade, educa\u00e7\u00e3o, seguran\u00e7a, administra\u00e7\u00e3o p\u00fablica, prefeituras e muito mais, com sal\u00e1rios atrativos e excelentes benef\u00edcios.<\/p>\n\n\n\n<p>N\u00e3o deixe essa oportunidade passar! Escolha a sele\u00e7\u00e3o ideal para voc\u00ea e comece a trilhar o caminho da aprova\u00e7\u00e3o. Confira agora os Concursos Abertos Pernambuco 2026!<\/p>\n\n\n\n<p><\/p>\n","protected":false},"excerpt":{"rendered":"<p>Oportunidades imperd\u00edveis est\u00e3o esperando por voc\u00ea! O ano de 2026 traz uma enxurrada de oportunidades para quem busca estabilidade e qualidade de vida por meio do servi\u00e7o p\u00fablico. S\u00e3o milhares de oportunidades em \u00e1reas como sa\u00fade, educa\u00e7\u00e3o, seguran\u00e7a, administra\u00e7\u00e3o p\u00fablica, prefeituras e muito mais, com sal\u00e1rios atrativos e excelentes benef\u00edcios. N\u00e3o deixe essa oportunidade passar! Escolha a sele\u00e7\u00e3o ideal para voc\u00ea e comece a trilhar o caminho da aprova\u00e7\u00e3o. Confira agora os Concursos Abertos Pernambuco 2026!<\/p>\n","protected":false},"author":26,"featured_media":47156,"parent":0,"menu_order":0,"comment_status":"closed","ping_status":"closed","template":"page-lista-concursos-por-estado.php","meta":{"_acf_changed":false,"rank_math_lock_modified_date":false,"footnotes":""},"acf":[],"_links":{"self":[{"href":"https:\/\/www.editorasolucao.com.br\/blog\/wp-json\/wp\/v2\/pages\/834"}],"collection":[{"href":"https:\/\/www.editorasolucao.com.br\/blog\/wp-json\/wp\/v2\/pages"}],"about":[{"href":"https:\/\/www.editorasolucao.com.br\/blog\/wp-json\/wp\/v2\/types\/page"}],"author":[{"embeddable":true,"href":"https:\/\/www.editorasolucao.com.br\/blog\/wp-json\/wp\/v2\/users\/26"}],"replies":[{"embeddable":true,"href":"https:\/\/www.editorasolucao.com.br\/blog\/wp-json\/wp\/v2\/comments?post=834"}],"version-history":[{"count":8,"href":"https:\/\/www.editorasolucao.com.br\/blog\/wp-json\/wp\/v2\/pages\/834\/revisions"}],"predecessor-version":[{"id":49205,"href":"https:\/\/www.editorasolucao.com.br\/blog\/wp-json\/wp\/v2\/pages\/834\/revisions\/49205"}],"wp:featuredmedia":[{"embeddable":true,"href":"https:\/\/www.editorasolucao.com.br\/blog\/wp-json\/wp\/v2\/media\/47156"}],"wp:attachment":[{"href":"https:\/\/www.editorasolucao.com.br\/blog\/wp-json\/wp\/v2\/media?parent=834"}],"curies":[{"name":"wp","href":"https:\/\/api.w.org\/{rel}","templated":true}]}}