{"id":837,"date":"2025-11-06T11:35:10","date_gmt":"2025-11-06T14:35:10","guid":{"rendered":"https:\/\/www.editorasolucao.com.br\/blogteste\/?page_id=837"},"modified":"2025-11-06T11:39:40","modified_gmt":"2025-11-06T14:39:40","slug":"concursos-abertos-ce","status":"publish","type":"page","link":"https:\/\/www.editorasolucao.com.br\/blog\/concursos-abertos-ce","title":{"rendered":"Concursos Abertos Cear\u00e1 2026"},"content":{"rendered":"\n<p><strong>O Cear\u00e1 est\u00e1 com excelentes oportunidades em 2026!<\/strong> Se voc\u00ea sonha com estabilidade e crescimento profissional, este \u00e9 o momento certo para agir. Diversos concursos p\u00fablicos est\u00e3o abertos no estado, com vagas para todos os n\u00edveis de escolaridade em diferentes \u00e1reas e institui\u00e7\u00f5es. <\/p>\n\n\n\n<p>N\u00e3o deixe essa chance passar \u2014 confira agora os concursos abertos no Cear\u00e1 em 2026 e comece sua prepara\u00e7\u00e3o!<\/p>\n","protected":false},"excerpt":{"rendered":"<p>O Cear\u00e1 est\u00e1 com excelentes oportunidades em 2026! Se voc\u00ea sonha com estabilidade e crescimento profissional, este \u00e9 o momento certo para agir. Diversos concursos p\u00fablicos est\u00e3o abertos no estado, com vagas para todos os n\u00edveis de escolaridade em diferentes \u00e1reas e institui\u00e7\u00f5es. N\u00e3o deixe essa chance passar \u2014 confira agora os concursos abertos no Cear\u00e1 em 2026 e comece sua prepara\u00e7\u00e3o!<\/p>\n","protected":false},"author":26,"featured_media":46590,"parent":0,"menu_order":0,"comment_status":"closed","ping_status":"closed","template":"page-lista-concursos-por-estado.php","meta":{"_acf_changed":false,"rank_math_lock_modified_date":false,"footnotes":""},"acf":[],"_links":{"self":[{"href":"https:\/\/www.editorasolucao.com.br\/blog\/wp-json\/wp\/v2\/pages\/837"}],"collection":[{"href":"https:\/\/www.editorasolucao.com.br\/blog\/wp-json\/wp\/v2\/pages"}],"about":[{"href":"https:\/\/www.editorasolucao.com.br\/blog\/wp-json\/wp\/v2\/types\/page"}],"author":[{"embeddable":true,"href":"https:\/\/www.editorasolucao.com.br\/blog\/wp-json\/wp\/v2\/users\/26"}],"replies":[{"embeddable":true,"href":"https:\/\/www.editorasolucao.com.br\/blog\/wp-json\/wp\/v2\/comments?post=837"}],"version-history":[{"count":8,"href":"https:\/\/www.editorasolucao.com.br\/blog\/wp-json\/wp\/v2\/pages\/837\/revisions"}],"predecessor-version":[{"id":49200,"href":"https:\/\/www.editorasolucao.com.br\/blog\/wp-json\/wp\/v2\/pages\/837\/revisions\/49200"}],"wp:featuredmedia":[{"embeddable":true,"href":"https:\/\/www.editorasolucao.com.br\/blog\/wp-json\/wp\/v2\/media\/46590"}],"wp:attachment":[{"href":"https:\/\/www.editorasolucao.com.br\/blog\/wp-json\/wp\/v2\/media?parent=837"}],"curies":[{"name":"wp","href":"https:\/\/api.w.org\/{rel}","templated":true}]}}