{"id":840,"date":"2025-11-06T11:33:43","date_gmt":"2025-11-06T14:33:43","guid":{"rendered":"https:\/\/www.editorasolucao.com.br\/blogteste\/?page_id=840"},"modified":"2025-11-06T11:39:25","modified_gmt":"2025-11-06T14:39:25","slug":"concursos-abertos-al","status":"publish","type":"page","link":"https:\/\/www.editorasolucao.com.br\/blog\/concursos-abertos-al","title":{"rendered":"Concursos Abertos Alagoas 2026"},"content":{"rendered":"\n<p><strong>Alagoas est\u00e1 repleto de oportunidades em 2026!<\/strong> Se voc\u00ea busca estabilidade, crescimento e uma carreira no servi\u00e7o p\u00fablico, este \u00e9 o momento certo. Diversos concursos est\u00e3o ofertando vagas para todos os n\u00edveis de escolaridade, em diferentes \u00e1reas e \u00f3rg\u00e3os do estado.<\/p>\n\n\n\n<p>Aproveite essa chance para transformar seu futuro. Confira agora os concursos abertos Alagoas em 2026!<\/p>\n","protected":false},"excerpt":{"rendered":"<p>Alagoas est\u00e1 repleto de oportunidades em 2026! Se voc\u00ea busca estabilidade, crescimento e uma carreira no servi\u00e7o p\u00fablico, este \u00e9 o momento certo. Diversos concursos est\u00e3o ofertando vagas para todos os n\u00edveis de escolaridade, em diferentes \u00e1reas e \u00f3rg\u00e3os do estado. Aproveite essa chance para transformar seu futuro. Confira agora os concursos abertos Alagoas em 2026!<\/p>\n","protected":false},"author":26,"featured_media":46584,"parent":0,"menu_order":0,"comment_status":"closed","ping_status":"closed","template":"page-lista-concursos-por-estado.php","meta":{"_acf_changed":false,"rank_math_lock_modified_date":false,"footnotes":""},"acf":[],"_links":{"self":[{"href":"https:\/\/www.editorasolucao.com.br\/blog\/wp-json\/wp\/v2\/pages\/840"}],"collection":[{"href":"https:\/\/www.editorasolucao.com.br\/blog\/wp-json\/wp\/v2\/pages"}],"about":[{"href":"https:\/\/www.editorasolucao.com.br\/blog\/wp-json\/wp\/v2\/types\/page"}],"author":[{"embeddable":true,"href":"https:\/\/www.editorasolucao.com.br\/blog\/wp-json\/wp\/v2\/users\/26"}],"replies":[{"embeddable":true,"href":"https:\/\/www.editorasolucao.com.br\/blog\/wp-json\/wp\/v2\/comments?post=840"}],"version-history":[{"count":8,"href":"https:\/\/www.editorasolucao.com.br\/blog\/wp-json\/wp\/v2\/pages\/840\/revisions"}],"predecessor-version":[{"id":49197,"href":"https:\/\/www.editorasolucao.com.br\/blog\/wp-json\/wp\/v2\/pages\/840\/revisions\/49197"}],"wp:featuredmedia":[{"embeddable":true,"href":"https:\/\/www.editorasolucao.com.br\/blog\/wp-json\/wp\/v2\/media\/46584"}],"wp:attachment":[{"href":"https:\/\/www.editorasolucao.com.br\/blog\/wp-json\/wp\/v2\/media?parent=840"}],"curies":[{"name":"wp","href":"https:\/\/api.w.org\/{rel}","templated":true}]}}