{"id":843,"date":"2025-11-06T12:02:28","date_gmt":"2025-11-06T15:02:28","guid":{"rendered":"https:\/\/www.editorasolucao.com.br\/blogteste\/?page_id=843"},"modified":"2025-11-06T12:02:37","modified_gmt":"2025-11-06T15:02:37","slug":"concursos-abertos-ac","status":"publish","type":"page","link":"https:\/\/www.editorasolucao.com.br\/blog\/concursos-abertos-ac","title":{"rendered":"Concursos Abertos Acre 2026"},"content":{"rendered":"\n<p><strong>Oportunidades imperd\u00edveis est\u00e3o esperando por voc\u00ea!<\/strong> Se voc\u00ea deseja conquistar estabilidade, bons sal\u00e1rios e uma carreira s\u00f3lida no servi\u00e7o p\u00fablico, 2026 pode ser o seu ano! O Acre est\u00e1 com milhares de vagas abertas em concursos p\u00fablicos para todos os n\u00edveis de escolaridade \u2014 fundamental, m\u00e9dio, t\u00e9cnico e superior.<\/p>\n\n\n\n<p>As oportunidades abrangem diversas \u00e1reas, como sa\u00fade, seguran\u00e7a, educa\u00e7\u00e3o, administra\u00e7\u00e3o p\u00fablica e \u00f3rg\u00e3os municipais, com remunera\u00e7\u00f5es atrativas e benef\u00edcios que garantem qualidade de vida.<\/p>\n\n\n\n<p>N\u00e3o perca tempo! Explore as op\u00e7\u00f5es dispon\u00edveis e comece sua prepara\u00e7\u00e3o. Confira agora os Concursos Abertos Acre 2026!<\/p>\n","protected":false},"excerpt":{"rendered":"<p>Oportunidades imperd\u00edveis est\u00e3o esperando por voc\u00ea! Se voc\u00ea deseja conquistar estabilidade, bons sal\u00e1rios e uma carreira s\u00f3lida no servi\u00e7o p\u00fablico, 2026 pode ser o seu ano! O Acre est\u00e1 com milhares de vagas abertas em concursos p\u00fablicos para todos os n\u00edveis de escolaridade \u2014 fundamental, m\u00e9dio, t\u00e9cnico e superior. As oportunidades abrangem diversas \u00e1reas, como sa\u00fade, seguran\u00e7a, educa\u00e7\u00e3o, administra\u00e7\u00e3o p\u00fablica e \u00f3rg\u00e3os municipais, com remunera\u00e7\u00f5es atrativas e benef\u00edcios que garantem qualidade de vida. N\u00e3o perca tempo! Explore as op\u00e7\u00f5es dispon\u00edveis e comece sua prepara\u00e7\u00e3o. Confira agora os Concursos Abertos Acre 2026!<\/p>\n","protected":false},"author":26,"featured_media":47156,"parent":0,"menu_order":0,"comment_status":"closed","ping_status":"closed","template":"page-lista-concursos-por-estado.php","meta":{"_acf_changed":false,"rank_math_lock_modified_date":false,"footnotes":""},"acf":[],"_links":{"self":[{"href":"https:\/\/www.editorasolucao.com.br\/blog\/wp-json\/wp\/v2\/pages\/843"}],"collection":[{"href":"https:\/\/www.editorasolucao.com.br\/blog\/wp-json\/wp\/v2\/pages"}],"about":[{"href":"https:\/\/www.editorasolucao.com.br\/blog\/wp-json\/wp\/v2\/types\/page"}],"author":[{"embeddable":true,"href":"https:\/\/www.editorasolucao.com.br\/blog\/wp-json\/wp\/v2\/users\/26"}],"replies":[{"embeddable":true,"href":"https:\/\/www.editorasolucao.com.br\/blog\/wp-json\/wp\/v2\/comments?post=843"}],"version-history":[{"count":11,"href":"https:\/\/www.editorasolucao.com.br\/blog\/wp-json\/wp\/v2\/pages\/843\/revisions"}],"predecessor-version":[{"id":49237,"href":"https:\/\/www.editorasolucao.com.br\/blog\/wp-json\/wp\/v2\/pages\/843\/revisions\/49237"}],"wp:featuredmedia":[{"embeddable":true,"href":"https:\/\/www.editorasolucao.com.br\/blog\/wp-json\/wp\/v2\/media\/47156"}],"wp:attachment":[{"href":"https:\/\/www.editorasolucao.com.br\/blog\/wp-json\/wp\/v2\/media?parent=843"}],"curies":[{"name":"wp","href":"https:\/\/api.w.org\/{rel}","templated":true}]}}