{"id":849,"date":"2025-06-04T09:15:27","date_gmt":"2025-06-04T12:15:27","guid":{"rendered":"https:\/\/www.editorasolucao.com.br\/blogteste\/?page_id=849"},"modified":"2025-11-06T12:02:58","modified_gmt":"2025-11-06T15:02:58","slug":"concursos-abertos-am","status":"publish","type":"page","link":"https:\/\/www.editorasolucao.com.br\/blog\/concursos-abertos-am","title":{"rendered":"Concursos Abertos Amazonas 2026"},"content":{"rendered":"\n<p><span style=\"font-size: inherit; color: initial;\"><strong>Oportunidades imperd\u00edveis est\u00e3o esperando por voc\u00ea!<\/strong> <\/span>O estado do Amazonas oferece milhares de vagas em concursos p\u00fablicos em 2026, com oportunidades para todos os n\u00edveis de escolaridade \u2014 fundamental, m\u00e9dio, t\u00e9cnico e superior.<\/p>\n\n\n\n<p>As sele\u00e7\u00f5es abrangem diversas \u00e1reas, como sa\u00fade, seguran\u00e7a, educa\u00e7\u00e3o, administra\u00e7\u00e3o e \u00f3rg\u00e3os municipais, com remunera\u00e7\u00f5es atrativas e excelentes benef\u00edcios.<\/p>\n\n\n\n<p>N\u00e3o perca essa chance de transformar seu futuro! Explore as vagas dispon\u00edveis e d\u00ea o pr\u00f3ximo passo rumo \u00e0 aprova\u00e7\u00e3o. Confira agora os Concursos Abertos Amazonas 2026!<\/p>\n","protected":false},"excerpt":{"rendered":"<p>Oportunidades imperd\u00edveis est\u00e3o esperando por voc\u00ea! O estado do Amazonas oferece milhares de vagas em concursos p\u00fablicos em 2026, com oportunidades para todos os n\u00edveis de escolaridade \u2014 fundamental, m\u00e9dio, t\u00e9cnico e superior. As sele\u00e7\u00f5es abrangem diversas \u00e1reas, como sa\u00fade, seguran\u00e7a, educa\u00e7\u00e3o, administra\u00e7\u00e3o e \u00f3rg\u00e3os municipais, com remunera\u00e7\u00f5es atrativas e excelentes benef\u00edcios. N\u00e3o perca essa chance de transformar seu futuro! Explore as vagas dispon\u00edveis e d\u00ea o pr\u00f3ximo passo rumo \u00e0 aprova\u00e7\u00e3o. Confira agora os Concursos Abertos Amazonas 2026!<\/p>\n","protected":false},"author":26,"featured_media":47156,"parent":0,"menu_order":0,"comment_status":"closed","ping_status":"closed","template":"page-lista-concursos-por-estado.php","meta":{"_acf_changed":false,"rank_math_lock_modified_date":false,"footnotes":""},"acf":[],"_links":{"self":[{"href":"https:\/\/www.editorasolucao.com.br\/blog\/wp-json\/wp\/v2\/pages\/849"}],"collection":[{"href":"https:\/\/www.editorasolucao.com.br\/blog\/wp-json\/wp\/v2\/pages"}],"about":[{"href":"https:\/\/www.editorasolucao.com.br\/blog\/wp-json\/wp\/v2\/types\/page"}],"author":[{"embeddable":true,"href":"https:\/\/www.editorasolucao.com.br\/blog\/wp-json\/wp\/v2\/users\/26"}],"replies":[{"embeddable":true,"href":"https:\/\/www.editorasolucao.com.br\/blog\/wp-json\/wp\/v2\/comments?post=849"}],"version-history":[{"count":8,"href":"https:\/\/www.editorasolucao.com.br\/blog\/wp-json\/wp\/v2\/pages\/849\/revisions"}],"predecessor-version":[{"id":49235,"href":"https:\/\/www.editorasolucao.com.br\/blog\/wp-json\/wp\/v2\/pages\/849\/revisions\/49235"}],"wp:featuredmedia":[{"embeddable":true,"href":"https:\/\/www.editorasolucao.com.br\/blog\/wp-json\/wp\/v2\/media\/47156"}],"wp:attachment":[{"href":"https:\/\/www.editorasolucao.com.br\/blog\/wp-json\/wp\/v2\/media?parent=849"}],"curies":[{"name":"wp","href":"https:\/\/api.w.org\/{rel}","templated":true}]}}