{"id":852,"date":"2025-11-06T11:36:56","date_gmt":"2025-11-06T14:36:56","guid":{"rendered":"https:\/\/www.editorasolucao.com.br\/blogteste\/?page_id=852"},"modified":"2025-11-06T11:39:46","modified_gmt":"2025-11-06T14:39:46","slug":"concursos-abertos-ma","status":"publish","type":"page","link":"https:\/\/www.editorasolucao.com.br\/blog\/concursos-abertos-ma","title":{"rendered":"Concursos Abertos Maranh\u00e3o 2026"},"content":{"rendered":"\n<p><strong>Oportunidades imperd\u00edveis est\u00e3o esperando por voc\u00ea!<\/strong> S\u00e3o milhares de vagas abertas para todos os n\u00edveis de escolaridade, com sal\u00e1rios atrativos e oportunidades em diversas \u00e1reas.<\/p>\n\n\n\n<p>N\u00e3o perca tempo: explore todas as op\u00e7\u00f5es e d\u00ea o pr\u00f3ximo passo rumo \u00e0 aprova\u00e7\u00e3o. Confira agora os Concursos Abertos Maranh\u00e3o 2026!<\/p>\n","protected":false},"excerpt":{"rendered":"<p>Oportunidades imperd\u00edveis est\u00e3o esperando por voc\u00ea! S\u00e3o milhares de vagas abertas para todos os n\u00edveis de escolaridade, com sal\u00e1rios atrativos e oportunidades em diversas \u00e1reas. N\u00e3o perca tempo: explore todas as op\u00e7\u00f5es e d\u00ea o pr\u00f3ximo passo rumo \u00e0 aprova\u00e7\u00e3o. Confira agora os Concursos Abertos Maranh\u00e3o 2026!<\/p>\n","protected":false},"author":26,"featured_media":47156,"parent":0,"menu_order":0,"comment_status":"closed","ping_status":"closed","template":"page-lista-concursos-por-estado.php","meta":{"_acf_changed":false,"rank_math_lock_modified_date":false,"footnotes":""},"acf":[],"_links":{"self":[{"href":"https:\/\/www.editorasolucao.com.br\/blog\/wp-json\/wp\/v2\/pages\/852"}],"collection":[{"href":"https:\/\/www.editorasolucao.com.br\/blog\/wp-json\/wp\/v2\/pages"}],"about":[{"href":"https:\/\/www.editorasolucao.com.br\/blog\/wp-json\/wp\/v2\/types\/page"}],"author":[{"embeddable":true,"href":"https:\/\/www.editorasolucao.com.br\/blog\/wp-json\/wp\/v2\/users\/26"}],"replies":[{"embeddable":true,"href":"https:\/\/www.editorasolucao.com.br\/blog\/wp-json\/wp\/v2\/comments?post=852"}],"version-history":[{"count":9,"href":"https:\/\/www.editorasolucao.com.br\/blog\/wp-json\/wp\/v2\/pages\/852\/revisions"}],"predecessor-version":[{"id":49202,"href":"https:\/\/www.editorasolucao.com.br\/blog\/wp-json\/wp\/v2\/pages\/852\/revisions\/49202"}],"wp:featuredmedia":[{"embeddable":true,"href":"https:\/\/www.editorasolucao.com.br\/blog\/wp-json\/wp\/v2\/media\/47156"}],"wp:attachment":[{"href":"https:\/\/www.editorasolucao.com.br\/blog\/wp-json\/wp\/v2\/media?parent=852"}],"curies":[{"name":"wp","href":"https:\/\/api.w.org\/{rel}","templated":true}]}}