{"id":855,"date":"2025-11-06T11:48:10","date_gmt":"2025-11-06T14:48:10","guid":{"rendered":"https:\/\/www.editorasolucao.com.br\/blogteste\/?page_id=855"},"modified":"2025-11-06T11:51:56","modified_gmt":"2025-11-06T14:51:56","slug":"concursos-abertos-mt","status":"publish","type":"page","link":"https:\/\/www.editorasolucao.com.br\/blog\/concursos-abertos-mt","title":{"rendered":"Concursos Abertos Mato Grosso 2026"},"content":{"rendered":"\n<p><strong>Grandes oportunidades aguardam por voc\u00ea! <\/strong>Se voc\u00ea est\u00e1 em busca de estabilidade, bons sal\u00e1rios e uma carreira p\u00fablica de sucesso, 2026 pode ser o ano da sua virada! Est\u00e3o sendo ofertadas milhares de vagas para todos os n\u00edveis de escolaridade (fundamental, m\u00e9dio, t\u00e9cnico e superior).<\/p>\n\n\n\n<p>As chances se espalham por diversas \u00e1reas, incluindo seguran\u00e7a, sa\u00fade, educa\u00e7\u00e3o, administra\u00e7\u00e3o e \u00f3rg\u00e3os municipais, com remunera\u00e7\u00f5es atrativas e excelentes benef\u00edcios.<\/p>\n\n\n\n<p>N\u00e3o deixe essa oportunidade passar! Escolha a sele\u00e7\u00e3o ideal e comece j\u00e1 a sua prepara\u00e7\u00e3o. Confira agora os Concursos Abertos Mato Grosso 2026!<\/p>\n\n\n\n<p><\/p>\n","protected":false},"excerpt":{"rendered":"<p>Grandes oportunidades aguardam por voc\u00ea! Se voc\u00ea est\u00e1 em busca de estabilidade, bons sal\u00e1rios e uma carreira p\u00fablica de sucesso, 2026 pode ser o ano da sua virada! Est\u00e3o sendo ofertadas milhares de vagas para todos os n\u00edveis de escolaridade (fundamental, m\u00e9dio, t\u00e9cnico e superior). As chances se espalham por diversas \u00e1reas, incluindo seguran\u00e7a, sa\u00fade, educa\u00e7\u00e3o, administra\u00e7\u00e3o e \u00f3rg\u00e3os municipais, com remunera\u00e7\u00f5es atrativas e excelentes benef\u00edcios. N\u00e3o deixe essa oportunidade passar! Escolha a sele\u00e7\u00e3o ideal e comece j\u00e1 a sua prepara\u00e7\u00e3o. Confira agora os Concursos Abertos Mato Grosso 2026!<\/p>\n","protected":false},"author":26,"featured_media":47156,"parent":0,"menu_order":0,"comment_status":"closed","ping_status":"closed","template":"page-lista-concursos-por-estado.php","meta":{"_acf_changed":false,"rank_math_lock_modified_date":false,"footnotes":""},"acf":[],"_links":{"self":[{"href":"https:\/\/www.editorasolucao.com.br\/blog\/wp-json\/wp\/v2\/pages\/855"}],"collection":[{"href":"https:\/\/www.editorasolucao.com.br\/blog\/wp-json\/wp\/v2\/pages"}],"about":[{"href":"https:\/\/www.editorasolucao.com.br\/blog\/wp-json\/wp\/v2\/types\/page"}],"author":[{"embeddable":true,"href":"https:\/\/www.editorasolucao.com.br\/blog\/wp-json\/wp\/v2\/users\/26"}],"replies":[{"embeddable":true,"href":"https:\/\/www.editorasolucao.com.br\/blog\/wp-json\/wp\/v2\/comments?post=855"}],"version-history":[{"count":8,"href":"https:\/\/www.editorasolucao.com.br\/blog\/wp-json\/wp\/v2\/pages\/855\/revisions"}],"predecessor-version":[{"id":49218,"href":"https:\/\/www.editorasolucao.com.br\/blog\/wp-json\/wp\/v2\/pages\/855\/revisions\/49218"}],"wp:featuredmedia":[{"embeddable":true,"href":"https:\/\/www.editorasolucao.com.br\/blog\/wp-json\/wp\/v2\/media\/47156"}],"wp:attachment":[{"href":"https:\/\/www.editorasolucao.com.br\/blog\/wp-json\/wp\/v2\/media?parent=855"}],"curies":[{"name":"wp","href":"https:\/\/api.w.org\/{rel}","templated":true}]}}