{"id":862,"date":"2025-11-06T11:38:25","date_gmt":"2025-11-06T14:38:25","guid":{"rendered":"https:\/\/www.editorasolucao.com.br\/blogteste\/?page_id=862"},"modified":"2025-11-06T11:39:47","modified_gmt":"2025-11-06T14:39:47","slug":"concursos-abertos-pb","status":"publish","type":"page","link":"https:\/\/www.editorasolucao.com.br\/blog\/concursos-abertos-pb","title":{"rendered":"Concursos Abertos Para\u00edba 2026"},"content":{"rendered":"\n<p><strong>Excelentes oportunidades aguardam por voc\u00ea em 2026! <\/strong>Com milhares de vagas dispon\u00edveis na Para\u00edba, para todos os n\u00edveis de escolaridade (fundamental, m\u00e9dio, t\u00e9cnico e superior) este \u00e9 o momento ideal para conquistar a t\u00e3o sonhada estabilidade profissional.<\/p>\n\n\n\n<p>N\u00e3o perca tempo! Esta pode ser a sua chance de alcan\u00e7ar a aprova\u00e7\u00e3o e transformar o seu futuro. Confira agora os Concursos Abertos Para\u00edba 2026!<\/p>\n","protected":false},"excerpt":{"rendered":"<p>Excelentes oportunidades aguardam por voc\u00ea em 2026! Com milhares de vagas dispon\u00edveis na Para\u00edba, para todos os n\u00edveis de escolaridade (fundamental, m\u00e9dio, t\u00e9cnico e superior) este \u00e9 o momento ideal para conquistar a t\u00e3o sonhada estabilidade profissional. N\u00e3o perca tempo! Esta pode ser a sua chance de alcan\u00e7ar a aprova\u00e7\u00e3o e transformar o seu futuro. Confira agora os Concursos Abertos Para\u00edba 2026!<\/p>\n","protected":false},"author":26,"featured_media":47156,"parent":0,"menu_order":0,"comment_status":"closed","ping_status":"closed","template":"page-lista-concursos-por-estado.php","meta":{"_acf_changed":false,"rank_math_lock_modified_date":false,"footnotes":""},"acf":[],"_links":{"self":[{"href":"https:\/\/www.editorasolucao.com.br\/blog\/wp-json\/wp\/v2\/pages\/862"}],"collection":[{"href":"https:\/\/www.editorasolucao.com.br\/blog\/wp-json\/wp\/v2\/pages"}],"about":[{"href":"https:\/\/www.editorasolucao.com.br\/blog\/wp-json\/wp\/v2\/types\/page"}],"author":[{"embeddable":true,"href":"https:\/\/www.editorasolucao.com.br\/blog\/wp-json\/wp\/v2\/users\/26"}],"replies":[{"embeddable":true,"href":"https:\/\/www.editorasolucao.com.br\/blog\/wp-json\/wp\/v2\/comments?post=862"}],"version-history":[{"count":10,"href":"https:\/\/www.editorasolucao.com.br\/blog\/wp-json\/wp\/v2\/pages\/862\/revisions"}],"predecessor-version":[{"id":49206,"href":"https:\/\/www.editorasolucao.com.br\/blog\/wp-json\/wp\/v2\/pages\/862\/revisions\/49206"}],"wp:featuredmedia":[{"embeddable":true,"href":"https:\/\/www.editorasolucao.com.br\/blog\/wp-json\/wp\/v2\/media\/47156"}],"wp:attachment":[{"href":"https:\/\/www.editorasolucao.com.br\/blog\/wp-json\/wp\/v2\/media?parent=862"}],"curies":[{"name":"wp","href":"https:\/\/api.w.org\/{rel}","templated":true}]}}