{"id":871,"date":"2025-11-06T11:41:34","date_gmt":"2025-11-06T14:41:34","guid":{"rendered":"https:\/\/www.editorasolucao.com.br\/blogteste\/?page_id=871"},"modified":"2025-11-06T11:41:39","modified_gmt":"2025-11-06T14:41:39","slug":"concursos-abertos-pi","status":"publish","type":"page","link":"https:\/\/www.editorasolucao.com.br\/blog\/concursos-abertos-pi","title":{"rendered":"Concursos Abertos Piau\u00ed 2026"},"content":{"rendered":"\n<p><strong>Aten\u00e7\u00e3o, concurseiros! <\/strong>O estado do Piau\u00ed est\u00e1 repleto de editais com milhares de vagas para todos os n\u00edveis de escolaridade \u2014 fundamental, m\u00e9dio, t\u00e9cnico e superior.<\/p>\n\n\n\n<p>S\u00e3o oportunidades em diversas \u00e1reas, como sa\u00fade, seguran\u00e7a, educa\u00e7\u00e3o, administra\u00e7\u00e3o, al\u00e9m de sele\u00e7\u00f5es para prefeituras e c\u00e2maras municipais, com remunera\u00e7\u00f5es atrativas e excelentes benef\u00edcios.<\/p>\n\n\n\n<p>N\u00e3o perca tempo! Escolha a sele\u00e7\u00e3o ideal para voc\u00ea e d\u00ea o pr\u00f3ximo passo rumo \u00e0 sua aprova\u00e7\u00e3o. Confira agora os Concursos Abertos Piau\u00ed 2026!<\/p>\n","protected":false},"excerpt":{"rendered":"<p>Aten\u00e7\u00e3o, concurseiros! O estado do Piau\u00ed est\u00e1 repleto de editais com milhares de vagas para todos os n\u00edveis de escolaridade \u2014 fundamental, m\u00e9dio, t\u00e9cnico e superior. S\u00e3o oportunidades em diversas \u00e1reas, como sa\u00fade, seguran\u00e7a, educa\u00e7\u00e3o, administra\u00e7\u00e3o, al\u00e9m de sele\u00e7\u00f5es para prefeituras e c\u00e2maras municipais, com remunera\u00e7\u00f5es atrativas e excelentes benef\u00edcios. N\u00e3o perca tempo! Escolha a sele\u00e7\u00e3o ideal para voc\u00ea e d\u00ea o pr\u00f3ximo passo rumo \u00e0 sua aprova\u00e7\u00e3o. Confira agora os Concursos Abertos Piau\u00ed 2026!<\/p>\n","protected":false},"author":26,"featured_media":47156,"parent":0,"menu_order":0,"comment_status":"closed","ping_status":"closed","template":"page-lista-concursos-por-estado.php","meta":{"_acf_changed":false,"rank_math_lock_modified_date":false,"footnotes":""},"acf":[],"_links":{"self":[{"href":"https:\/\/www.editorasolucao.com.br\/blog\/wp-json\/wp\/v2\/pages\/871"}],"collection":[{"href":"https:\/\/www.editorasolucao.com.br\/blog\/wp-json\/wp\/v2\/pages"}],"about":[{"href":"https:\/\/www.editorasolucao.com.br\/blog\/wp-json\/wp\/v2\/types\/page"}],"author":[{"embeddable":true,"href":"https:\/\/www.editorasolucao.com.br\/blog\/wp-json\/wp\/v2\/users\/26"}],"replies":[{"embeddable":true,"href":"https:\/\/www.editorasolucao.com.br\/blog\/wp-json\/wp\/v2\/comments?post=871"}],"version-history":[{"count":8,"href":"https:\/\/www.editorasolucao.com.br\/blog\/wp-json\/wp\/v2\/pages\/871\/revisions"}],"predecessor-version":[{"id":49208,"href":"https:\/\/www.editorasolucao.com.br\/blog\/wp-json\/wp\/v2\/pages\/871\/revisions\/49208"}],"wp:featuredmedia":[{"embeddable":true,"href":"https:\/\/www.editorasolucao.com.br\/blog\/wp-json\/wp\/v2\/media\/47156"}],"wp:attachment":[{"href":"https:\/\/www.editorasolucao.com.br\/blog\/wp-json\/wp\/v2\/media?parent=871"}],"curies":[{"name":"wp","href":"https:\/\/api.w.org\/{rel}","templated":true}]}}