{"id":877,"date":"2025-11-06T12:02:46","date_gmt":"2025-11-06T15:02:46","guid":{"rendered":"https:\/\/www.editorasolucao.com.br\/blogteste\/?page_id=877"},"modified":"2025-11-06T12:03:49","modified_gmt":"2025-11-06T15:03:49","slug":"concursos-abertos-ro","status":"publish","type":"page","link":"https:\/\/www.editorasolucao.com.br\/blog\/concursos-abertos-ro","title":{"rendered":"Concursos Abertos Rond\u00f4nia 2026"},"content":{"rendered":"\n<p><strong>Oportunidades imperd\u00edveis est\u00e3o esperando por voc\u00ea!<\/strong> Com milhares de vagas abertas para todos os n\u00edveis de escolaridade e sal\u00e1rios atraentes, \u00e9 o momento ideal para garantir uma vida est\u00e1vel. <\/p>\n\n\n\n<p>Explore as op\u00e7\u00f5es dispon\u00edveis e d\u00ea o pr\u00f3ximo passo na sua carreira. Confira os concursos abertos Rond\u00f4nia 2026!<\/p>\n\n\n\n<p><\/p>\n","protected":false},"excerpt":{"rendered":"<p>Oportunidades imperd\u00edveis est\u00e3o esperando por voc\u00ea! Com milhares de vagas abertas para todos os n\u00edveis de escolaridade e sal\u00e1rios atraentes, \u00e9 o momento ideal para garantir uma vida est\u00e1vel. Explore as op\u00e7\u00f5es dispon\u00edveis e d\u00ea o pr\u00f3ximo passo na sua carreira. Confira os concursos abertos Rond\u00f4nia 2026!<\/p>\n","protected":false},"author":26,"featured_media":47156,"parent":0,"menu_order":0,"comment_status":"closed","ping_status":"closed","template":"page-lista-concursos-por-estado.php","meta":{"_acf_changed":false,"rank_math_lock_modified_date":false,"footnotes":""},"acf":[],"_links":{"self":[{"href":"https:\/\/www.editorasolucao.com.br\/blog\/wp-json\/wp\/v2\/pages\/877"}],"collection":[{"href":"https:\/\/www.editorasolucao.com.br\/blog\/wp-json\/wp\/v2\/pages"}],"about":[{"href":"https:\/\/www.editorasolucao.com.br\/blog\/wp-json\/wp\/v2\/types\/page"}],"author":[{"embeddable":true,"href":"https:\/\/www.editorasolucao.com.br\/blog\/wp-json\/wp\/v2\/users\/26"}],"replies":[{"embeddable":true,"href":"https:\/\/www.editorasolucao.com.br\/blog\/wp-json\/wp\/v2\/comments?post=877"}],"version-history":[{"count":8,"href":"https:\/\/www.editorasolucao.com.br\/blog\/wp-json\/wp\/v2\/pages\/877\/revisions"}],"predecessor-version":[{"id":49238,"href":"https:\/\/www.editorasolucao.com.br\/blog\/wp-json\/wp\/v2\/pages\/877\/revisions\/49238"}],"wp:featuredmedia":[{"embeddable":true,"href":"https:\/\/www.editorasolucao.com.br\/blog\/wp-json\/wp\/v2\/media\/47156"}],"wp:attachment":[{"href":"https:\/\/www.editorasolucao.com.br\/blog\/wp-json\/wp\/v2\/media?parent=877"}],"curies":[{"name":"wp","href":"https:\/\/api.w.org\/{rel}","templated":true}]}}