{"id":883,"date":"2025-11-06T11:45:08","date_gmt":"2025-11-06T14:45:08","guid":{"rendered":"https:\/\/www.editorasolucao.com.br\/blogteste\/?page_id=883"},"modified":"2025-11-06T11:51:45","modified_gmt":"2025-11-06T14:51:45","slug":"concursos-abertos-se","status":"publish","type":"page","link":"https:\/\/www.editorasolucao.com.br\/blog\/concursos-abertos-se","title":{"rendered":"Concursos Abertos Sergipe 2026"},"content":{"rendered":"\n<p><strong>Oportunidades imperd\u00edveis est\u00e3o esperando por voc\u00ea! <\/strong>Para 2026, o estado de Sergipe oferece diversas sele\u00e7\u00f5es com milhares de vagas para n\u00edveis fundamental, m\u00e9dio, t\u00e9cnico e superior.<\/p>\n\n\n\n<p>S\u00e3o oportunidades em \u00e1reas como seguran\u00e7a, sa\u00fade, educa\u00e7\u00e3o, administra\u00e7\u00e3o p\u00fablica, al\u00e9m de sele\u00e7\u00f5es em prefeituras e c\u00e2maras municipais \u2014 tudo isso com sal\u00e1rios atrativos e estabilidade garantida.<\/p>\n\n\n\n<p>N\u00e3o deixe para depois! Explore as vagas dispon\u00edveis e inicie agora sua prepara\u00e7\u00e3o. Confira os Concursos Abertos Sergipe 2026!<\/p>\n\n\n\n<p><\/p>\n","protected":false},"excerpt":{"rendered":"<p>Oportunidades imperd\u00edveis est\u00e3o esperando por voc\u00ea! Para 2026, o estado de Sergipe oferece diversas sele\u00e7\u00f5es com milhares de vagas para n\u00edveis fundamental, m\u00e9dio, t\u00e9cnico e superior. S\u00e3o oportunidades em \u00e1reas como seguran\u00e7a, sa\u00fade, educa\u00e7\u00e3o, administra\u00e7\u00e3o p\u00fablica, al\u00e9m de sele\u00e7\u00f5es em prefeituras e c\u00e2maras municipais \u2014 tudo isso com sal\u00e1rios atrativos e estabilidade garantida. N\u00e3o deixe para depois! Explore as vagas dispon\u00edveis e inicie agora sua prepara\u00e7\u00e3o. Confira os Concursos Abertos Sergipe 2026!<\/p>\n","protected":false},"author":26,"featured_media":47156,"parent":0,"menu_order":0,"comment_status":"closed","ping_status":"closed","template":"page-lista-concursos-por-estado.php","meta":{"_acf_changed":false,"rank_math_lock_modified_date":false,"footnotes":""},"acf":[],"_links":{"self":[{"href":"https:\/\/www.editorasolucao.com.br\/blog\/wp-json\/wp\/v2\/pages\/883"}],"collection":[{"href":"https:\/\/www.editorasolucao.com.br\/blog\/wp-json\/wp\/v2\/pages"}],"about":[{"href":"https:\/\/www.editorasolucao.com.br\/blog\/wp-json\/wp\/v2\/types\/page"}],"author":[{"embeddable":true,"href":"https:\/\/www.editorasolucao.com.br\/blog\/wp-json\/wp\/v2\/users\/26"}],"replies":[{"embeddable":true,"href":"https:\/\/www.editorasolucao.com.br\/blog\/wp-json\/wp\/v2\/comments?post=883"}],"version-history":[{"count":5,"href":"https:\/\/www.editorasolucao.com.br\/blog\/wp-json\/wp\/v2\/pages\/883\/revisions"}],"predecessor-version":[{"id":49212,"href":"https:\/\/www.editorasolucao.com.br\/blog\/wp-json\/wp\/v2\/pages\/883\/revisions\/49212"}],"wp:featuredmedia":[{"embeddable":true,"href":"https:\/\/www.editorasolucao.com.br\/blog\/wp-json\/wp\/v2\/media\/47156"}],"wp:attachment":[{"href":"https:\/\/www.editorasolucao.com.br\/blog\/wp-json\/wp\/v2\/media?parent=883"}],"curies":[{"name":"wp","href":"https:\/\/api.w.org\/{rel}","templated":true}]}}