{"id":890,"date":"2025-11-06T11:49:16","date_gmt":"2025-11-06T14:49:16","guid":{"rendered":"https:\/\/www.editorasolucao.com.br\/blogteste\/?page_id=890"},"modified":"2025-11-06T11:52:00","modified_gmt":"2025-11-06T14:52:00","slug":"concursos-abertos-ms","status":"publish","type":"page","link":"https:\/\/www.editorasolucao.com.br\/blog\/concursos-abertos-ms","title":{"rendered":"Concursos Abertos Mato Grosso do Sul 2026"},"content":{"rendered":"\n<p><strong>Chegou a hora de transformar sua carreira!<\/strong> O ano de 2026 est\u00e1 repleto de oportunidades para quem deseja conquistar uma vaga no servi\u00e7o p\u00fablico. H\u00e1 milhares de vagas abertas para todos os n\u00edveis de escolaridade.<\/p>\n\n\n\n<p>Com sal\u00e1rios atrativos e oportunidades em diversas \u00e1reas como sa\u00fade, seguran\u00e7a, educa\u00e7\u00e3o, administra\u00e7\u00e3o e prefeituras, o estado se destaca como uma excelente op\u00e7\u00e3o para quem busca estabilidade e crescimento profissional.<\/p>\n\n\n\n<p>N\u00e3o perca tempo! Explore as vagas dispon\u00edveis e comece hoje mesmo sua jornada rumo \u00e0 aprova\u00e7\u00e3o. Confira agora os Concursos Abertos Mato Grosso do Sul 2026!<\/p>\n","protected":false},"excerpt":{"rendered":"<p>Chegou a hora de transformar sua carreira! O ano de 2026 est\u00e1 repleto de oportunidades para quem deseja conquistar uma vaga no servi\u00e7o p\u00fablico. H\u00e1 milhares de vagas abertas para todos os n\u00edveis de escolaridade. Com sal\u00e1rios atrativos e oportunidades em diversas \u00e1reas como sa\u00fade, seguran\u00e7a, educa\u00e7\u00e3o, administra\u00e7\u00e3o e prefeituras, o estado se destaca como uma excelente op\u00e7\u00e3o para quem busca estabilidade e crescimento profissional. N\u00e3o perca tempo! Explore as vagas dispon\u00edveis e comece hoje mesmo sua jornada rumo \u00e0 aprova\u00e7\u00e3o. Confira agora os Concursos Abertos Mato Grosso do Sul 2026!<\/p>\n","protected":false},"author":26,"featured_media":47156,"parent":0,"menu_order":0,"comment_status":"closed","ping_status":"closed","template":"page-lista-concursos-por-estado.php","meta":{"_acf_changed":false,"rank_math_lock_modified_date":false,"footnotes":""},"acf":[],"_links":{"self":[{"href":"https:\/\/www.editorasolucao.com.br\/blog\/wp-json\/wp\/v2\/pages\/890"}],"collection":[{"href":"https:\/\/www.editorasolucao.com.br\/blog\/wp-json\/wp\/v2\/pages"}],"about":[{"href":"https:\/\/www.editorasolucao.com.br\/blog\/wp-json\/wp\/v2\/types\/page"}],"author":[{"embeddable":true,"href":"https:\/\/www.editorasolucao.com.br\/blog\/wp-json\/wp\/v2\/users\/26"}],"replies":[{"embeddable":true,"href":"https:\/\/www.editorasolucao.com.br\/blog\/wp-json\/wp\/v2\/comments?post=890"}],"version-history":[{"count":9,"href":"https:\/\/www.editorasolucao.com.br\/blog\/wp-json\/wp\/v2\/pages\/890\/revisions"}],"predecessor-version":[{"id":49220,"href":"https:\/\/www.editorasolucao.com.br\/blog\/wp-json\/wp\/v2\/pages\/890\/revisions\/49220"}],"wp:featuredmedia":[{"embeddable":true,"href":"https:\/\/www.editorasolucao.com.br\/blog\/wp-json\/wp\/v2\/media\/47156"}],"wp:attachment":[{"href":"https:\/\/www.editorasolucao.com.br\/blog\/wp-json\/wp\/v2\/media?parent=890"}],"curies":[{"name":"wp","href":"https:\/\/api.w.org\/{rel}","templated":true}]}}