{"id":935,"date":"2024-08-12T08:00:00","date_gmt":"2024-08-12T11:00:00","guid":{"rendered":"https:\/\/www.editorasolucao.com.br\/blog\/?page_id=935"},"modified":"2024-08-12T15:39:52","modified_gmt":"2024-08-12T18:39:52","slug":"concursos-previstos","status":"publish","type":"page","link":"https:\/\/www.editorasolucao.com.br\/blog\/concursos-previstos","title":{"rendered":"Concursos Previstos 2024"},"content":{"rendered":"\n<p>Ol\u00e1, concurseiros! O ano de 2024 est\u00e1 movimentad\u00edssimo na \u00e1rea de concursos p\u00fablicos. Somente nos primeiros meses, milhares de vagas est\u00e3o sendo ofertadas e muitas mais ainda est\u00e3o por vir.<\/p>\n\n\n\n<p>As oportunidades s\u00e3o para Prefeituras, C\u00e2maras, corpora\u00e7\u00f5es Policiais, dentre muitas outras!<\/p>\n\n\n\n<p>Confira, portanto, os concursos previstos para 2024!<\/p>\n","protected":false},"excerpt":{"rendered":"<p>Ol\u00e1, concurseiros! O ano de 2024 est\u00e1 movimentad\u00edssimo na \u00e1rea de concursos p\u00fablicos. Somente nos primeiros meses, milhares de vagas est\u00e3o sendo ofertadas e muitas mais ainda est\u00e3o por vir. As oportunidades s\u00e3o para Prefeituras, C\u00e2maras, corpora\u00e7\u00f5es Policiais, dentre muitas outras! Confira, portanto, os concursos previstos para 2024!<\/p>\n","protected":false},"author":3,"featured_media":43874,"parent":0,"menu_order":0,"comment_status":"closed","ping_status":"closed","template":"page-lista-concursos-todos.php","meta":{"_acf_changed":false,"rank_math_lock_modified_date":false,"footnotes":""},"acf":[],"_links":{"self":[{"href":"https:\/\/www.editorasolucao.com.br\/blog\/wp-json\/wp\/v2\/pages\/935"}],"collection":[{"href":"https:\/\/www.editorasolucao.com.br\/blog\/wp-json\/wp\/v2\/pages"}],"about":[{"href":"https:\/\/www.editorasolucao.com.br\/blog\/wp-json\/wp\/v2\/types\/page"}],"author":[{"embeddable":true,"href":"https:\/\/www.editorasolucao.com.br\/blog\/wp-json\/wp\/v2\/users\/3"}],"replies":[{"embeddable":true,"href":"https:\/\/www.editorasolucao.com.br\/blog\/wp-json\/wp\/v2\/comments?post=935"}],"version-history":[{"count":8,"href":"https:\/\/www.editorasolucao.com.br\/blog\/wp-json\/wp\/v2\/pages\/935\/revisions"}],"predecessor-version":[{"id":43875,"href":"https:\/\/www.editorasolucao.com.br\/blog\/wp-json\/wp\/v2\/pages\/935\/revisions\/43875"}],"wp:featuredmedia":[{"embeddable":true,"href":"https:\/\/www.editorasolucao.com.br\/blog\/wp-json\/wp\/v2\/media\/43874"}],"wp:attachment":[{"href":"https:\/\/www.editorasolucao.com.br\/blog\/wp-json\/wp\/v2\/media?parent=935"}],"curies":[{"name":"wp","href":"https:\/\/api.w.org\/{rel}","templated":true}]}}